{"id":1454,"date":"2020-10-08T15:47:57","date_gmt":"2020-10-08T15:47:57","guid":{"rendered":"http:\/\/naoseiinvestir.com\/?page_id=1454"},"modified":"2021-03-09T12:12:59","modified_gmt":"2021-03-09T15:12:59","slug":"sobre-o-nao-sei-investir","status":"publish","type":"page","link":"https:\/\/naoseiinvestir.com\/index.php\/sobre-o-nao-sei-investir\/","title":{"rendered":"Sobre o N\u00e3o Sei Investir"},"content":{"rendered":"\n<p>A educa\u00e7\u00e3o financeira \u00e9 um poderoso instrumento de evolu\u00e7\u00e3o pessoal, bem como de transforma\u00e7\u00e3o social. A proposta do site N\u00e3o $ei Investir se baseia na humildade: partindo do preceito que eu, voc\u00ea e muitas outras pessoas n\u00e3o sabem investir, podemos manter a mente aberta ao aprendizado, passando pelos conceitos mais b\u00e1sicos de educa\u00e7\u00e3o financeira at\u00e9 chegar a mecanismos variados de investimento.<\/p>\n\n\n\n<p>Com 2\/3 da popula\u00e7\u00e3o brasileira enfrentando d\u00edvidas, falar sobre finan\u00e7as pessoais \u00e9 n\u00e3o somente relevante: \u00e9 essencial. Some-se a isso o baixo n\u00famero de investidores e a quantidade absurda de dinheiro guardada em instrumentos ineficientes, como a poupan\u00e7a: o resultado \u00e9 um quadro no m\u00ednimo ruim.<\/p>\n\n\n\n<p>Aqui \u00e9 um lugar para conversar e aprender sobre aspectos diversos relacionados ao dinheiro, em busca de tranquilidade financeira e de uma vida com mais sossego. Se o dinheiro n\u00e3o compra felicidade, e de fato n\u00e3o compra, a falta dele causa muita dificuldade e pode tirar a nossa tranquilidade.<\/p>\n\n\n\n<p>Educa\u00e7\u00e3o financeira, investimentos e tranquilidade. Este \u00e9 o trip\u00e9 b\u00e1sico que adotamos como norte aqui e nas redes sociais do site. Simplificamos os conceitos ao m\u00e1ximo, de forma a conversar sobre educa\u00e7\u00e3o financeira da mesma forma que conversar\u00edamos tomando um caf\u00e9 juntos.<\/p>\n\n\n\n<p>Falar sobre dinheiro n\u00e3o deveria ser um tabu, mas sim uma pr\u00e1tica do dia a dia. Os benef\u00edcios de desenvolver e compartilhar educa\u00e7\u00e3o financeira s\u00e3o enormes. Vamos aprender juntos.<\/p>\n\n\n\n<p>Os artigos aqui s\u00e3o escritos por algu\u00e9m como voc\u00ea: que trabalha de segunda a sexta, que quer aprender cada vez mais, que n\u00e3o nasceu em fam\u00edlia rica. Estudei muito, trabalho, invisto e procuro sempre me desenvolver. Sou ex-banc\u00e1rio, trabalho hoje com recursos humanos e investi pela primeira vez na bolsa de valores h\u00e1 mais de dez anos. Tive oportunidade de errar bastante, aprender com estes erros e compartilhar os conhecimentos ao longo da minha curta e cont\u00ednua jornada.<\/p>\n\n\n\n<p>Por meio deste site, espero passar um pouco do que eu sei e aprender com voc\u00ea. Conhecimento \u00e9 sen\u00e3o uma troca. E a\u00ed, vamos aprender juntos?<\/p>\n","protected":false},"excerpt":{"rendered":"<p>A educa\u00e7\u00e3o financeira \u00e9 um poderoso instrumento de evolu\u00e7\u00e3o pessoal, bem como de transforma\u00e7\u00e3o social. A proposta do site N\u00e3o $ei Investir se baseia na humildade: partindo do preceito que eu, voc\u00ea e muitas outras pessoas n\u00e3o sabem investir, podemos manter a mente aberta ao aprendizado, passando pelos conceitos mais b\u00e1sicos de educa\u00e7\u00e3o financeira at\u00e9 [&hellip;]<\/p>\n","protected":false},"author":1,"featured_media":0,"parent":0,"menu_order":0,"comment_status":"closed","ping_status":"closed","template":"","meta":{"_monsterinsights_skip_tracking":false,"_monsterinsights_sitenote_active":false,"_monsterinsights_sitenote_note":"","_monsterinsights_sitenote_category":0,"footnotes":""},"class_list":["post-1454","page","type-page","status-publish","czr-hentry"],"yoast_head":"<!-- This site is optimized with the Yoast SEO plugin v27.4 - https:\/\/yoast.com\/product\/yoast-seo-wordpress\/ -->\n<title>Sobre o N\u00e3o Sei Investir - N\u00e3o $ei Investir<\/title>\n<meta name=\"robots\" content=\"index, follow, max-snippet:-1, max-image-preview:large, max-video-preview:-1\" \/>\n<link rel=\"canonical\" href=\"https:\/\/naoseiinvestir.com\/index.php\/sobre-o-nao-sei-investir\/\" \/>\n<meta property=\"og:locale\" content=\"pt_BR\" \/>\n<meta property=\"og:type\" content=\"article\" \/>\n<meta property=\"og:title\" content=\"Sobre o N\u00e3o Sei Investir - N\u00e3o $ei Investir\" \/>\n<meta property=\"og:description\" content=\"A educa\u00e7\u00e3o financeira \u00e9 um poderoso instrumento de evolu\u00e7\u00e3o pessoal, bem como de transforma\u00e7\u00e3o social. A proposta do site N\u00e3o $ei Investir se baseia na humildade: partindo do preceito que eu, voc\u00ea e muitas outras pessoas n\u00e3o sabem investir, podemos manter a mente aberta ao aprendizado, passando pelos conceitos mais b\u00e1sicos de educa\u00e7\u00e3o financeira at\u00e9 [&hellip;]\" \/>\n<meta property=\"og:url\" content=\"https:\/\/naoseiinvestir.com\/index.php\/sobre-o-nao-sei-investir\/\" \/>\n<meta property=\"og:site_name\" content=\"N\u00e3o $ei Investir\" \/>\n<meta property=\"article:modified_time\" content=\"2021-03-09T15:12:59+00:00\" \/>\n<meta name=\"twitter:card\" content=\"summary_large_image\" \/>\n<meta name=\"twitter:label1\" content=\"Est. tempo de leitura\" \/>\n\t<meta name=\"twitter:data1\" content=\"2 minutos\" \/>\n<script type=\"application\/ld+json\" class=\"yoast-schema-graph\">{\"@context\":\"https:\\\/\\\/schema.org\",\"@graph\":[{\"@type\":\"WebPage\",\"@id\":\"https:\\\/\\\/naoseiinvestir.com\\\/index.php\\\/sobre-o-nao-sei-investir\\\/\",\"url\":\"https:\\\/\\\/naoseiinvestir.com\\\/index.php\\\/sobre-o-nao-sei-investir\\\/\",\"name\":\"Sobre o N\u00e3o Sei Investir - N\u00e3o $ei Investir\",\"isPartOf\":{\"@id\":\"https:\\\/\\\/naoseiinvestir.com\\\/#website\"},\"datePublished\":\"2020-10-08T15:47:57+00:00\",\"dateModified\":\"2021-03-09T15:12:59+00:00\",\"breadcrumb\":{\"@id\":\"https:\\\/\\\/naoseiinvestir.com\\\/index.php\\\/sobre-o-nao-sei-investir\\\/#breadcrumb\"},\"inLanguage\":\"pt-BR\",\"potentialAction\":[{\"@type\":\"ReadAction\",\"target\":[\"https:\\\/\\\/naoseiinvestir.com\\\/index.php\\\/sobre-o-nao-sei-investir\\\/\"]}]},{\"@type\":\"BreadcrumbList\",\"@id\":\"https:\\\/\\\/naoseiinvestir.com\\\/index.php\\\/sobre-o-nao-sei-investir\\\/#breadcrumb\",\"itemListElement\":[{\"@type\":\"ListItem\",\"position\":1,\"name\":\"In\u00edcio\",\"item\":\"https:\\\/\\\/naoseiinvestir.com\\\/\"},{\"@type\":\"ListItem\",\"position\":2,\"name\":\"Sobre o N\u00e3o Sei Investir\"}]},{\"@type\":\"WebSite\",\"@id\":\"https:\\\/\\\/naoseiinvestir.com\\\/#website\",\"url\":\"https:\\\/\\\/naoseiinvestir.com\\\/\",\"name\":\"N\u00e3o $ei Investir\",\"description\":\"Educa\u00e7\u00e3o Financeira Simples\",\"publisher\":{\"@id\":\"https:\\\/\\\/naoseiinvestir.com\\\/#organization\"},\"potentialAction\":[{\"@type\":\"SearchAction\",\"target\":{\"@type\":\"EntryPoint\",\"urlTemplate\":\"https:\\\/\\\/naoseiinvestir.com\\\/?s={search_term_string}\"},\"query-input\":{\"@type\":\"PropertyValueSpecification\",\"valueRequired\":true,\"valueName\":\"search_term_string\"}}],\"inLanguage\":\"pt-BR\"},{\"@type\":\"Organization\",\"@id\":\"https:\\\/\\\/naoseiinvestir.com\\\/#organization\",\"name\":\"N\u00e3o $ei Investir\",\"url\":\"https:\\\/\\\/naoseiinvestir.com\\\/\",\"logo\":{\"@type\":\"ImageObject\",\"inLanguage\":\"pt-BR\",\"@id\":\"https:\\\/\\\/naoseiinvestir.com\\\/#\\\/schema\\\/logo\\\/image\\\/\",\"url\":\"https:\\\/\\\/naoseiinvestir.com\\\/wp-content\\\/uploads\\\/2020\\\/10\\\/cropped-Design-sem-nome-1.png\",\"contentUrl\":\"https:\\\/\\\/naoseiinvestir.com\\\/wp-content\\\/uploads\\\/2020\\\/10\\\/cropped-Design-sem-nome-1.png\",\"width\":90,\"height\":100,\"caption\":\"N\u00e3o $ei Investir\"},\"image\":{\"@id\":\"https:\\\/\\\/naoseiinvestir.com\\\/#\\\/schema\\\/logo\\\/image\\\/\"}}]}<\/script>\n<!-- \/ Yoast SEO plugin. -->","yoast_head_json":{"title":"Sobre o N\u00e3o Sei Investir - N\u00e3o $ei Investir","robots":{"index":"index","follow":"follow","max-snippet":"max-snippet:-1","max-image-preview":"max-image-preview:large","max-video-preview":"max-video-preview:-1"},"canonical":"https:\/\/naoseiinvestir.com\/index.php\/sobre-o-nao-sei-investir\/","og_locale":"pt_BR","og_type":"article","og_title":"Sobre o N\u00e3o Sei Investir - N\u00e3o $ei Investir","og_description":"A educa\u00e7\u00e3o financeira \u00e9 um poderoso instrumento de evolu\u00e7\u00e3o pessoal, bem como de transforma\u00e7\u00e3o social. A proposta do site N\u00e3o $ei Investir se baseia na humildade: partindo do preceito que eu, voc\u00ea e muitas outras pessoas n\u00e3o sabem investir, podemos manter a mente aberta ao aprendizado, passando pelos conceitos mais b\u00e1sicos de educa\u00e7\u00e3o financeira at\u00e9 [&hellip;]","og_url":"https:\/\/naoseiinvestir.com\/index.php\/sobre-o-nao-sei-investir\/","og_site_name":"N\u00e3o $ei Investir","article_modified_time":"2021-03-09T15:12:59+00:00","twitter_card":"summary_large_image","twitter_misc":{"Est. tempo de leitura":"2 minutos"},"schema":{"@context":"https:\/\/schema.org","@graph":[{"@type":"WebPage","@id":"https:\/\/naoseiinvestir.com\/index.php\/sobre-o-nao-sei-investir\/","url":"https:\/\/naoseiinvestir.com\/index.php\/sobre-o-nao-sei-investir\/","name":"Sobre o N\u00e3o Sei Investir - N\u00e3o $ei Investir","isPartOf":{"@id":"https:\/\/naoseiinvestir.com\/#website"},"datePublished":"2020-10-08T15:47:57+00:00","dateModified":"2021-03-09T15:12:59+00:00","breadcrumb":{"@id":"https:\/\/naoseiinvestir.com\/index.php\/sobre-o-nao-sei-investir\/#breadcrumb"},"inLanguage":"pt-BR","potentialAction":[{"@type":"ReadAction","target":["https:\/\/naoseiinvestir.com\/index.php\/sobre-o-nao-sei-investir\/"]}]},{"@type":"BreadcrumbList","@id":"https:\/\/naoseiinvestir.com\/index.php\/sobre-o-nao-sei-investir\/#breadcrumb","itemListElement":[{"@type":"ListItem","position":1,"name":"In\u00edcio","item":"https:\/\/naoseiinvestir.com\/"},{"@type":"ListItem","position":2,"name":"Sobre o N\u00e3o Sei Investir"}]},{"@type":"WebSite","@id":"https:\/\/naoseiinvestir.com\/#website","url":"https:\/\/naoseiinvestir.com\/","name":"N\u00e3o $ei Investir","description":"Educa\u00e7\u00e3o Financeira Simples","publisher":{"@id":"https:\/\/naoseiinvestir.com\/#organization"},"potentialAction":[{"@type":"SearchAction","target":{"@type":"EntryPoint","urlTemplate":"https:\/\/naoseiinvestir.com\/?s={search_term_string}"},"query-input":{"@type":"PropertyValueSpecification","valueRequired":true,"valueName":"search_term_string"}}],"inLanguage":"pt-BR"},{"@type":"Organization","@id":"https:\/\/naoseiinvestir.com\/#organization","name":"N\u00e3o $ei Investir","url":"https:\/\/naoseiinvestir.com\/","logo":{"@type":"ImageObject","inLanguage":"pt-BR","@id":"https:\/\/naoseiinvestir.com\/#\/schema\/logo\/image\/","url":"https:\/\/naoseiinvestir.com\/wp-content\/uploads\/2020\/10\/cropped-Design-sem-nome-1.png","contentUrl":"https:\/\/naoseiinvestir.com\/wp-content\/uploads\/2020\/10\/cropped-Design-sem-nome-1.png","width":90,"height":100,"caption":"N\u00e3o $ei Investir"},"image":{"@id":"https:\/\/naoseiinvestir.com\/#\/schema\/logo\/image\/"}}]}},"_links":{"self":[{"href":"https:\/\/naoseiinvestir.com\/index.php\/wp-json\/wp\/v2\/pages\/1454","targetHints":{"allow":["GET"]}}],"collection":[{"href":"https:\/\/naoseiinvestir.com\/index.php\/wp-json\/wp\/v2\/pages"}],"about":[{"href":"https:\/\/naoseiinvestir.com\/index.php\/wp-json\/wp\/v2\/types\/page"}],"author":[{"embeddable":true,"href":"https:\/\/naoseiinvestir.com\/index.php\/wp-json\/wp\/v2\/users\/1"}],"replies":[{"embeddable":true,"href":"https:\/\/naoseiinvestir.com\/index.php\/wp-json\/wp\/v2\/comments?post=1454"}],"version-history":[{"count":2,"href":"https:\/\/naoseiinvestir.com\/index.php\/wp-json\/wp\/v2\/pages\/1454\/revisions"}],"predecessor-version":[{"id":1702,"href":"https:\/\/naoseiinvestir.com\/index.php\/wp-json\/wp\/v2\/pages\/1454\/revisions\/1702"}],"wp:attachment":[{"href":"https:\/\/naoseiinvestir.com\/index.php\/wp-json\/wp\/v2\/media?parent=1454"}],"curies":[{"name":"wp","href":"https:\/\/api.w.org\/{rel}","templated":true}]}}