{"id":1742,"date":"2021-03-17T15:59:39","date_gmt":"2021-03-17T18:59:39","guid":{"rendered":"https:\/\/naoseiinvestir.com\/?page_id=1742"},"modified":"2021-03-17T15:59:40","modified_gmt":"2021-03-17T18:59:40","slug":"contato","status":"publish","type":"page","link":"https:\/\/naoseiinvestir.com\/index.php\/contato\/","title":{"rendered":"Contato"},"content":{"rendered":"\n<p>Fique \u00e0 vontade para usar a caixa de coment\u00e1rios dos artigos para quaisquer d\u00favidas que surgirem, bem como eventuais elogios e sugest\u00f5es.<\/p>\n\n\n\n<p>Se quiser conversar conosco, n\u00e3o hesite em nos mandar uma mensagem! Voc\u00ea pode entrar em contato das seguintes formas:<\/p>\n\n\n\n<h2 class=\"wp-block-heading\">Por e-mail<\/h2>\n\n\n\n<p>Voc\u00ea pode enviar um e-mail para <a href=\"mailto:contato@naoseiinvestir.com\" target=\"_blank\" rel=\"noreferrer noopener\">contato@naoseiinvestir.com<\/a>. Sinta-se \u00e0 vontade para mandar quaisquer d\u00favidas, elogios, sugest\u00f5es ou simplesmente para conversar um pouco conosco.<\/p>\n\n\n\n<h2 class=\"wp-block-heading\">Pelo Instagram<\/h2>\n\n\n\n<p>Siga o nosso Instagram em <a href=\"https:\/\/www.instagram.com\/nao_sei_investir\/\" target=\"_blank\" rel=\"noreferrer noopener\">instagram.com\/nao_sei_investir<\/a>. Publicamos conte\u00fado diariamente por l\u00e1 e voc\u00ea pode entrar por contato via <em>Direct<\/em>.<\/p>\n\n\n\n<h2 class=\"wp-block-heading\">Pelo Twitter<\/h2>\n\n\n\n<p>Siga tamb\u00e9m o nosso Twitter em <a href=\"https:\/\/twitter.com\/naoseiinvestir\" target=\"_blank\" rel=\"noreferrer noopener\">twitter.com\/naoseiinvestir<\/a>. Al\u00e9m de acompanhar nosso conte\u00fado, voc\u00ea pode entrar em contato por l\u00e1 tamb\u00e9m.<\/p>\n","protected":false},"excerpt":{"rendered":"<p>Fique \u00e0 vontade para usar a caixa de coment\u00e1rios dos artigos para quaisquer d\u00favidas que surgirem, bem como eventuais elogios e sugest\u00f5es. Se quiser conversar conosco, n\u00e3o hesite em nos mandar uma mensagem! Voc\u00ea pode entrar em contato das seguintes formas: Por e-mail Voc\u00ea pode enviar um e-mail para contato@naoseiinvestir.com. Sinta-se \u00e0 vontade para mandar [&hellip;]<\/p>\n","protected":false},"author":1,"featured_media":0,"parent":0,"menu_order":0,"comment_status":"closed","ping_status":"closed","template":"","meta":{"_monsterinsights_skip_tracking":false,"_monsterinsights_sitenote_active":false,"_monsterinsights_sitenote_note":"","_monsterinsights_sitenote_category":0,"footnotes":""},"class_list":["post-1742","page","type-page","status-publish","czr-hentry"],"yoast_head":"<!-- This site is optimized with the Yoast SEO plugin v27.4 - https:\/\/yoast.com\/product\/yoast-seo-wordpress\/ -->\n<title>Contato - N\u00e3o $ei Investir<\/title>\n<meta name=\"description\" content=\"Entre em contato conosco. Ser\u00e1 um prazer conversar com voc\u00ea!\" \/>\n<meta name=\"robots\" content=\"index, follow, max-snippet:-1, max-image-preview:large, max-video-preview:-1\" \/>\n<link rel=\"canonical\" href=\"https:\/\/naoseiinvestir.com\/index.php\/contato\/\" \/>\n<meta property=\"og:locale\" content=\"pt_BR\" \/>\n<meta property=\"og:type\" content=\"article\" \/>\n<meta property=\"og:title\" content=\"Contato - N\u00e3o $ei Investir\" \/>\n<meta property=\"og:description\" content=\"Entre em contato conosco. Ser\u00e1 um prazer conversar com voc\u00ea!\" \/>\n<meta property=\"og:url\" content=\"https:\/\/naoseiinvestir.com\/index.php\/contato\/\" \/>\n<meta property=\"og:site_name\" content=\"N\u00e3o $ei Investir\" \/>\n<meta property=\"article:modified_time\" content=\"2021-03-17T18:59:40+00:00\" \/>\n<meta name=\"twitter:card\" content=\"summary_large_image\" \/>\n<meta name=\"twitter:label1\" content=\"Est. tempo de leitura\" \/>\n\t<meta name=\"twitter:data1\" content=\"1 minuto\" \/>\n<script type=\"application\/ld+json\" class=\"yoast-schema-graph\">{\"@context\":\"https:\\\/\\\/schema.org\",\"@graph\":[{\"@type\":\"WebPage\",\"@id\":\"https:\\\/\\\/naoseiinvestir.com\\\/index.php\\\/contato\\\/\",\"url\":\"https:\\\/\\\/naoseiinvestir.com\\\/index.php\\\/contato\\\/\",\"name\":\"Contato - N\u00e3o $ei Investir\",\"isPartOf\":{\"@id\":\"https:\\\/\\\/naoseiinvestir.com\\\/#website\"},\"datePublished\":\"2021-03-17T18:59:39+00:00\",\"dateModified\":\"2021-03-17T18:59:40+00:00\",\"description\":\"Entre em contato conosco. Ser\u00e1 um prazer conversar com voc\u00ea!\",\"breadcrumb\":{\"@id\":\"https:\\\/\\\/naoseiinvestir.com\\\/index.php\\\/contato\\\/#breadcrumb\"},\"inLanguage\":\"pt-BR\",\"potentialAction\":[{\"@type\":\"ReadAction\",\"target\":[\"https:\\\/\\\/naoseiinvestir.com\\\/index.php\\\/contato\\\/\"]}]},{\"@type\":\"BreadcrumbList\",\"@id\":\"https:\\\/\\\/naoseiinvestir.com\\\/index.php\\\/contato\\\/#breadcrumb\",\"itemListElement\":[{\"@type\":\"ListItem\",\"position\":1,\"name\":\"In\u00edcio\",\"item\":\"https:\\\/\\\/naoseiinvestir.com\\\/\"},{\"@type\":\"ListItem\",\"position\":2,\"name\":\"Contato\"}]},{\"@type\":\"WebSite\",\"@id\":\"https:\\\/\\\/naoseiinvestir.com\\\/#website\",\"url\":\"https:\\\/\\\/naoseiinvestir.com\\\/\",\"name\":\"N\u00e3o $ei Investir\",\"description\":\"Educa\u00e7\u00e3o Financeira Simples\",\"publisher\":{\"@id\":\"https:\\\/\\\/naoseiinvestir.com\\\/#organization\"},\"potentialAction\":[{\"@type\":\"SearchAction\",\"target\":{\"@type\":\"EntryPoint\",\"urlTemplate\":\"https:\\\/\\\/naoseiinvestir.com\\\/?s={search_term_string}\"},\"query-input\":{\"@type\":\"PropertyValueSpecification\",\"valueRequired\":true,\"valueName\":\"search_term_string\"}}],\"inLanguage\":\"pt-BR\"},{\"@type\":\"Organization\",\"@id\":\"https:\\\/\\\/naoseiinvestir.com\\\/#organization\",\"name\":\"N\u00e3o $ei Investir\",\"url\":\"https:\\\/\\\/naoseiinvestir.com\\\/\",\"logo\":{\"@type\":\"ImageObject\",\"inLanguage\":\"pt-BR\",\"@id\":\"https:\\\/\\\/naoseiinvestir.com\\\/#\\\/schema\\\/logo\\\/image\\\/\",\"url\":\"https:\\\/\\\/naoseiinvestir.com\\\/wp-content\\\/uploads\\\/2020\\\/10\\\/cropped-Design-sem-nome-1.png\",\"contentUrl\":\"https:\\\/\\\/naoseiinvestir.com\\\/wp-content\\\/uploads\\\/2020\\\/10\\\/cropped-Design-sem-nome-1.png\",\"width\":90,\"height\":100,\"caption\":\"N\u00e3o $ei Investir\"},\"image\":{\"@id\":\"https:\\\/\\\/naoseiinvestir.com\\\/#\\\/schema\\\/logo\\\/image\\\/\"}}]}<\/script>\n<!-- \/ Yoast SEO plugin. -->","yoast_head_json":{"title":"Contato - N\u00e3o $ei Investir","description":"Entre em contato conosco. Ser\u00e1 um prazer conversar com voc\u00ea!","robots":{"index":"index","follow":"follow","max-snippet":"max-snippet:-1","max-image-preview":"max-image-preview:large","max-video-preview":"max-video-preview:-1"},"canonical":"https:\/\/naoseiinvestir.com\/index.php\/contato\/","og_locale":"pt_BR","og_type":"article","og_title":"Contato - N\u00e3o $ei Investir","og_description":"Entre em contato conosco. Ser\u00e1 um prazer conversar com voc\u00ea!","og_url":"https:\/\/naoseiinvestir.com\/index.php\/contato\/","og_site_name":"N\u00e3o $ei Investir","article_modified_time":"2021-03-17T18:59:40+00:00","twitter_card":"summary_large_image","twitter_misc":{"Est. tempo de leitura":"1 minuto"},"schema":{"@context":"https:\/\/schema.org","@graph":[{"@type":"WebPage","@id":"https:\/\/naoseiinvestir.com\/index.php\/contato\/","url":"https:\/\/naoseiinvestir.com\/index.php\/contato\/","name":"Contato - N\u00e3o $ei Investir","isPartOf":{"@id":"https:\/\/naoseiinvestir.com\/#website"},"datePublished":"2021-03-17T18:59:39+00:00","dateModified":"2021-03-17T18:59:40+00:00","description":"Entre em contato conosco. Ser\u00e1 um prazer conversar com voc\u00ea!","breadcrumb":{"@id":"https:\/\/naoseiinvestir.com\/index.php\/contato\/#breadcrumb"},"inLanguage":"pt-BR","potentialAction":[{"@type":"ReadAction","target":["https:\/\/naoseiinvestir.com\/index.php\/contato\/"]}]},{"@type":"BreadcrumbList","@id":"https:\/\/naoseiinvestir.com\/index.php\/contato\/#breadcrumb","itemListElement":[{"@type":"ListItem","position":1,"name":"In\u00edcio","item":"https:\/\/naoseiinvestir.com\/"},{"@type":"ListItem","position":2,"name":"Contato"}]},{"@type":"WebSite","@id":"https:\/\/naoseiinvestir.com\/#website","url":"https:\/\/naoseiinvestir.com\/","name":"N\u00e3o $ei Investir","description":"Educa\u00e7\u00e3o Financeira Simples","publisher":{"@id":"https:\/\/naoseiinvestir.com\/#organization"},"potentialAction":[{"@type":"SearchAction","target":{"@type":"EntryPoint","urlTemplate":"https:\/\/naoseiinvestir.com\/?s={search_term_string}"},"query-input":{"@type":"PropertyValueSpecification","valueRequired":true,"valueName":"search_term_string"}}],"inLanguage":"pt-BR"},{"@type":"Organization","@id":"https:\/\/naoseiinvestir.com\/#organization","name":"N\u00e3o $ei Investir","url":"https:\/\/naoseiinvestir.com\/","logo":{"@type":"ImageObject","inLanguage":"pt-BR","@id":"https:\/\/naoseiinvestir.com\/#\/schema\/logo\/image\/","url":"https:\/\/naoseiinvestir.com\/wp-content\/uploads\/2020\/10\/cropped-Design-sem-nome-1.png","contentUrl":"https:\/\/naoseiinvestir.com\/wp-content\/uploads\/2020\/10\/cropped-Design-sem-nome-1.png","width":90,"height":100,"caption":"N\u00e3o $ei Investir"},"image":{"@id":"https:\/\/naoseiinvestir.com\/#\/schema\/logo\/image\/"}}]}},"_links":{"self":[{"href":"https:\/\/naoseiinvestir.com\/index.php\/wp-json\/wp\/v2\/pages\/1742","targetHints":{"allow":["GET"]}}],"collection":[{"href":"https:\/\/naoseiinvestir.com\/index.php\/wp-json\/wp\/v2\/pages"}],"about":[{"href":"https:\/\/naoseiinvestir.com\/index.php\/wp-json\/wp\/v2\/types\/page"}],"author":[{"embeddable":true,"href":"https:\/\/naoseiinvestir.com\/index.php\/wp-json\/wp\/v2\/users\/1"}],"replies":[{"embeddable":true,"href":"https:\/\/naoseiinvestir.com\/index.php\/wp-json\/wp\/v2\/comments?post=1742"}],"version-history":[{"count":1,"href":"https:\/\/naoseiinvestir.com\/index.php\/wp-json\/wp\/v2\/pages\/1742\/revisions"}],"predecessor-version":[{"id":1743,"href":"https:\/\/naoseiinvestir.com\/index.php\/wp-json\/wp\/v2\/pages\/1742\/revisions\/1743"}],"wp:attachment":[{"href":"https:\/\/naoseiinvestir.com\/index.php\/wp-json\/wp\/v2\/media?parent=1742"}],"curies":[{"name":"wp","href":"https:\/\/api.w.org\/{rel}","templated":true}]}}