{"id":1746,"date":"2021-03-17T16:33:20","date_gmt":"2021-03-17T19:33:20","guid":{"rendered":"https:\/\/naoseiinvestir.com\/?page_id=1746"},"modified":"2021-06-18T11:52:04","modified_gmt":"2021-06-18T14:52:04","slug":"comece-aqui","status":"publish","type":"page","link":"https:\/\/naoseiinvestir.com\/index.php\/comece-aqui\/","title":{"rendered":"Novo aqui?"},"content":{"rendered":"\n<p>Novo ou nova por aqui? Bem-vindo e bem-vinda ao site N\u00e3o Sei Investir!<\/p>\n\n\n\n<p>Aqui voc\u00ea encontrar\u00e1 conte\u00fado sobre finan\u00e7as pessoais e investimentos. A linguagem \u00e9 o mais simples e clara poss\u00edvel, mas sempre podem surgir d\u00favidas, certo? Para tanto, nunca hesite em utilizar a caixa de coment\u00e1rios ou entrar em <a href=\"https:\/\/naoseiinvestir.com\/index.php\/contato\/\" target=\"_blank\" rel=\"noreferrer noopener\">contato<\/a> conosco. <\/p>\n\n\n\n<p>Trazemos conte\u00fados de educa\u00e7\u00e3o financeira que partem dos conceitos b\u00e1sicos, que v\u00e3o ser muito \u00fateis para voc\u00ea que est\u00e1 come\u00e7ando a ler sobre finan\u00e7as e investimentos. Se voc\u00ea j\u00e1 tem contato com o assunto, tamb\u00e9m vai encontrar artigos bacanas no site.<\/p>\n\n\n\n<p>Para come\u00e7ar, permita-me sugerir alguns posts que podem ser interessantes para voc\u00ea que chegou agora.<\/p>\n\n\n\n<h2 class=\"wp-block-heading\">Conceitos B\u00e1sicos<\/h2>\n\n\n\n<ul class=\"wp-block-list\"><li><a href=\"https:\/\/naoseiinvestir.com\/index.php\/2021\/03\/02\/investir-e-pra-poucos-sera\/\" target=\"_blank\" rel=\"noreferrer noopener\">Investir \u00e9 pra poucos: ser\u00e1?<\/a><\/li><li><a href=\"https:\/\/naoseiinvestir.com\/index.php\/2020\/11\/10\/o-que-sao-juros-compostos\/\" target=\"_blank\" rel=\"noreferrer noopener\">O que s\u00e3o juros compostos?<\/a><\/li><li><a href=\"https:\/\/naoseiinvestir.com\/index.php\/2020\/12\/06\/o-que-e-uma-corretora\/\" target=\"_blank\" rel=\"noreferrer noopener\">O que \u00e9 uma corretora?<\/a><\/li><li><a href=\"https:\/\/naoseiinvestir.com\/index.php\/2021\/01\/12\/o-que-e-inflacao\/\" target=\"_blank\" rel=\"noreferrer noopener\">O que \u00e9 infla\u00e7\u00e3o?<\/a><\/li><li><a href=\"https:\/\/naoseiinvestir.com\/index.php\/2020\/10\/29\/dividas-nao-faca-isso\/\" target=\"_blank\" rel=\"noreferrer noopener\">D\u00edvidas: n\u00e3o fa\u00e7a isso<\/a><\/li><li><a href=\"https:\/\/naoseiinvestir.com\/index.php\/2021\/06\/03\/efeito-bola-de-neve-nos-investimentos-e-nas-dividas\/\" target=\"_blank\" rel=\"noreferrer noopener\">Efeito bola de neve nos investimentos (e nas d\u00edvidas)<\/a><\/li><li><a href=\"https:\/\/naoseiinvestir.com\/index.php\/2021\/01\/04\/o-que-e-renda-passiva\/\" target=\"_blank\" rel=\"noreferrer noopener\">O que \u00e9 Renda Passiva?<\/a><\/li><li><a href=\"https:\/\/naoseiinvestir.com\/index.php\/2021\/05\/25\/da-pra-ficar-rico-investindo-pouco\/\" target=\"_blank\" rel=\"noreferrer noopener\">D\u00e1 pra ficar rico investindo pouco?<\/a><\/li><li><a href=\"https:\/\/naoseiinvestir.com\/index.php\/2020\/12\/06\/renda-fixa-e-renda-variavel\/\" target=\"_blank\" rel=\"noreferrer noopener\">Renda Fixa e Renda Vari\u00e1vel<\/a><\/li><\/ul>\n\n\n\n<h2 class=\"wp-block-heading\">Organiza\u00e7\u00e3o Financeira<\/h2>\n\n\n\n<ul class=\"wp-block-list\"><li><a href=\"https:\/\/naoseiinvestir.com\/index.php\/2020\/11\/19\/disciplina-para-poupar-e-investir\/\" target=\"_blank\" rel=\"noreferrer noopener\">Disciplina para poupar e investir<\/a><\/li><li><a href=\"https:\/\/naoseiinvestir.com\/index.php\/2021\/05\/27\/gastar-menos-do-que-se-ganha-e-essencial\/\" target=\"_blank\" rel=\"noreferrer noopener\">Gastar menos do que se ganha \u00e9 essencial<\/a><\/li><li><a href=\"https:\/\/naoseiinvestir.com\/index.php\/2021\/01\/26\/equilibrio-entre-poupar-e-gastar\/\" target=\"_blank\" rel=\"noreferrer noopener\">Equil\u00edbrio entre poupar e gastar<\/a><\/li><li><a href=\"https:\/\/naoseiinvestir.com\/index.php\/2020\/11\/03\/orcamento\/\" target=\"_blank\" rel=\"noreferrer noopener\">Or\u00e7amento<\/a><\/li><li><a href=\"https:\/\/naoseiinvestir.com\/index.php\/2021\/01\/14\/7-ideias-de-renda-extra\/\" target=\"_blank\" rel=\"noreferrer noopener\">7 ideias de renda extra<\/a><\/li><li><a href=\"https:\/\/naoseiinvestir.com\/index.php\/2020\/11\/13\/7-ideias-para-enxugar-seu-orcamento-e-economizar\/\" target=\"_blank\" rel=\"noreferrer noopener\">7 ideias para enxugar seu or\u00e7amento e economizar<\/a><\/li><li><a href=\"https:\/\/naoseiinvestir.com\/index.php\/2020\/10\/29\/cartao-de-credito-vilao\/\" target=\"_blank\" rel=\"noreferrer noopener\">Cart\u00e3o de cr\u00e9dito: vil\u00e3o?<\/a><\/li><li><a href=\"https:\/\/naoseiinvestir.com\/index.php\/2020\/12\/09\/economias-burras\/\" target=\"_blank\" rel=\"noreferrer noopener\">Economias burras<\/a><\/li><\/ul>\n\n\n\n<h2 class=\"wp-block-heading\">Renda Fixa<\/h2>\n\n\n\n<ul class=\"wp-block-list\"><li><a href=\"https:\/\/naoseiinvestir.com\/index.php\/2020\/12\/06\/o-que-e-renda-fixa\/\" target=\"_blank\" rel=\"noreferrer noopener\">O que \u00e9 Renda Fixa?<\/a><\/li><li><a href=\"https:\/\/naoseiinvestir.com\/index.php\/2020\/12\/06\/o-que-e-cdi\/\" target=\"_blank\" rel=\"noreferrer noopener\">O que \u00e9 CDI?<\/a><\/li><li><a href=\"https:\/\/naoseiinvestir.com\/index.php\/2021\/01\/10\/qual-a-diferenca-de-rendimento-pre-fixado-e-pos-fixado\/\" target=\"_blank\" rel=\"noreferrer noopener\">Qual a diferen\u00e7a de rendimento pr\u00e9-fixado e p\u00f3s-fixado?<\/a><\/li><li><a href=\"https:\/\/naoseiinvestir.com\/index.php\/2020\/12\/15\/o-que-e-cdb\/\" target=\"_blank\" rel=\"noreferrer noopener\">O que \u00e9 CDB?<\/a><\/li><li><a href=\"https:\/\/naoseiinvestir.com\/index.php\/2020\/10\/19\/poupanca-investimento\/\" target=\"_blank\" rel=\"noreferrer noopener\">Poupan\u00e7a: um p\u00e9ssimo investimento (ser\u00e1?)<\/a><\/li><li><a href=\"https:\/\/naoseiinvestir.com\/index.php\/2020\/10\/29\/reserva-de-emergencia\/\" target=\"_blank\" rel=\"noreferrer noopener\">Reserva de Emerg\u00eancia<\/a><\/li><\/ul>\n\n\n\n<h2 class=\"wp-block-heading\">Tesouro Direto<\/h2>\n\n\n\n<ul class=\"wp-block-list\"><li><a href=\"https:\/\/naoseiinvestir.com\/index.php\/2020\/11\/10\/o-que-e-taxa-selic\/\" target=\"_blank\" rel=\"noreferrer noopener\">O que \u00e9 Taxa Selic?<\/a><\/li><li><a href=\"https:\/\/naoseiinvestir.com\/index.php\/2020\/12\/17\/o-que-e-o-tesouro-direto\/\" target=\"_blank\" rel=\"noreferrer noopener\">O que \u00e9 o Tesouro Direto?<\/a><\/li><li><a href=\"https:\/\/naoseiinvestir.com\/index.php\/2021\/02\/04\/tesouro-selic-o-que-e-e-como-funciona\/\" target=\"_blank\" rel=\"noreferrer noopener\">Tesouro Selic: o que \u00e9 e como funciona?<\/a><\/li><li><a href=\"https:\/\/naoseiinvestir.com\/index.php\/2021\/03\/09\/tesouro-ipca-como-funciona\/\" target=\"_blank\" rel=\"noreferrer noopener\">Como funciona o Tesouro IPCA?<\/a><\/li><li><a href=\"https:\/\/naoseiinvestir.com\/index.php\/2021\/04\/19\/tesouro-prefixado-o-que-e-e-como-funciona\/\" target=\"_blank\" rel=\"noreferrer noopener\">Tesouro Prefixado: o que \u00e9 e como funciona<\/a><\/li><li><a href=\"https:\/\/naoseiinvestir.com\/index.php\/2021\/04\/23\/como-escolher-o-melhor-titulo-do-tesouro-direto\/\" target=\"_blank\" rel=\"noreferrer noopener\">Como escolher o melhor t\u00edtulo do Tesouro Direto<\/a><\/li><li><a href=\"https:\/\/naoseiinvestir.com\/index.php\/2021\/06\/15\/o-que-e-marcacao-a-mercado\/\" target=\"_blank\" rel=\"noreferrer noopener\">O que \u00e9 marca\u00e7\u00e3o a mercado?<\/a><\/li><\/ul>\n\n\n\n<h2 class=\"wp-block-heading\">Renda Vari\u00e1vel<\/h2>\n\n\n\n<ul class=\"wp-block-list\"><li><a href=\"https:\/\/naoseiinvestir.com\/index.php\/2020\/12\/06\/o-que-e-renda-variavel\/\" target=\"_blank\" rel=\"noreferrer noopener\">O que \u00e9 Renda Vari\u00e1vel<\/a><\/li><li><a href=\"https:\/\/naoseiinvestir.com\/index.php\/2021\/02\/16\/a-importancia-da-diversificacao\/\" target=\"_blank\" rel=\"noreferrer noopener\">A import\u00e2ncia da diversifica\u00e7\u00e3o<\/a><\/li><li><a href=\"https:\/\/naoseiinvestir.com\/index.php\/2020\/12\/30\/o-que-sao-acoes\/\" target=\"_blank\" rel=\"noreferrer noopener\">O que s\u00e3o a\u00e7\u00f5es?<\/a><\/li><li><a href=\"https:\/\/naoseiinvestir.com\/index.php\/2021\/01\/05\/o-que-sao-fundos-de-investimento-imobiliario\/\" target=\"_blank\" rel=\"noreferrer noopener\">O que s\u00e3o Fundos de Investimento Imobili\u00e1rio?<\/a><\/li><li><a href=\"https:\/\/naoseiinvestir.com\/index.php\/2021\/03\/04\/pra-que-serve-a-analise-de-perfil-do-investidor\/\" target=\"_blank\" rel=\"noreferrer noopener\">Pra que serve a an\u00e1lise de perfil do investidor?<\/a><\/li><li><a href=\"https:\/\/naoseiinvestir.com\/index.php\/2021\/01\/28\/o-que-sao-dividendos\/\" target=\"_blank\" rel=\"noreferrer noopener\">O que s\u00e3o dividendos?<\/a><\/li><li><a href=\"https:\/\/naoseiinvestir.com\/index.php\/2021\/02\/23\/como-desvendar-o-codigo-ticker-de-uma-acao\/\" target=\"_blank\" rel=\"noreferrer noopener\">Como desvendar o c\u00f3digo (ticker) de uma a\u00e7\u00e3o?<\/a><\/li><li><a href=\"https:\/\/naoseiinvestir.com\/index.php\/2021\/02\/25\/como-comprar-uma-acao-no-mercado-fracionario\/\" target=\"_blank\" rel=\"noreferrer noopener\">Como comprar uma a\u00e7\u00e3o no mercado fracion\u00e1rio?<\/a><\/li><li><a href=\"https:\/\/naoseiinvestir.com\/index.php\/2021\/03\/25\/o-que-e-um-holder\/\" target=\"_blank\" rel=\"noreferrer noopener\">O que \u00e9 um holder?<\/a><\/li><li><a href=\"https:\/\/naoseiinvestir.com\/index.php\/2021\/04\/14\/o-que-significa-buy-and-hold\/\" target=\"_blank\" rel=\"noreferrer noopener\">O que significa buy and hold?<\/a><\/li><\/ul>\n\n\n\n<p>Por a\u00ed voc\u00ea j\u00e1 tem algumas sugest\u00f5es de leitura. Pode ler na ordem, embaralhado ou simplesmente escolher os artigos que mais chamem a sua aten\u00e7\u00e3o, de acordo com seus interesses e n\u00edvel de conhecimento.<\/p>\n\n\n\n<p>Boa leitura!<\/p>\n","protected":false},"excerpt":{"rendered":"<p>Novo ou nova por aqui? Bem-vindo e bem-vinda ao site N\u00e3o Sei Investir! Aqui voc\u00ea encontrar\u00e1 conte\u00fado sobre finan\u00e7as pessoais e investimentos. A linguagem \u00e9 o mais simples e clara poss\u00edvel, mas sempre podem surgir d\u00favidas, certo? Para tanto, nunca hesite em utilizar a caixa de coment\u00e1rios ou entrar em contato conosco. Trazemos conte\u00fados de [&hellip;]<\/p>\n","protected":false},"author":1,"featured_media":0,"parent":0,"menu_order":0,"comment_status":"closed","ping_status":"closed","template":"","meta":{"_monsterinsights_skip_tracking":false,"_monsterinsights_sitenote_active":false,"_monsterinsights_sitenote_note":"","_monsterinsights_sitenote_category":0,"footnotes":""},"class_list":["post-1746","page","type-page","status-publish","czr-hentry"],"yoast_head":"<!-- This site is optimized with the Yoast SEO plugin v27.4 - https:\/\/yoast.com\/product\/yoast-seo-wordpress\/ -->\n<title>Novo aqui? - N\u00e3o $ei Investir<\/title>\n<meta name=\"description\" content=\"Novo ou nova no site? Aqui falamos sobre educa\u00e7\u00e3o financeira e investimentos de forma simples e descomplicada.\" \/>\n<meta name=\"robots\" content=\"index, follow, max-snippet:-1, max-image-preview:large, max-video-preview:-1\" \/>\n<link rel=\"canonical\" href=\"https:\/\/naoseiinvestir.com\/index.php\/comece-aqui\/\" \/>\n<meta property=\"og:locale\" content=\"pt_BR\" \/>\n<meta property=\"og:type\" content=\"article\" \/>\n<meta property=\"og:title\" content=\"Novo aqui? - N\u00e3o $ei Investir\" \/>\n<meta property=\"og:description\" content=\"Novo ou nova no site? Aqui falamos sobre educa\u00e7\u00e3o financeira e investimentos de forma simples e descomplicada.\" \/>\n<meta property=\"og:url\" content=\"https:\/\/naoseiinvestir.com\/index.php\/comece-aqui\/\" \/>\n<meta property=\"og:site_name\" content=\"N\u00e3o $ei Investir\" \/>\n<meta property=\"article:modified_time\" content=\"2021-06-18T14:52:04+00:00\" \/>\n<meta name=\"twitter:card\" content=\"summary_large_image\" \/>\n<meta name=\"twitter:label1\" content=\"Est. tempo de leitura\" \/>\n\t<meta name=\"twitter:data1\" content=\"2 minutos\" \/>\n<script type=\"application\/ld+json\" class=\"yoast-schema-graph\">{\"@context\":\"https:\\\/\\\/schema.org\",\"@graph\":[{\"@type\":\"WebPage\",\"@id\":\"https:\\\/\\\/naoseiinvestir.com\\\/index.php\\\/comece-aqui\\\/\",\"url\":\"https:\\\/\\\/naoseiinvestir.com\\\/index.php\\\/comece-aqui\\\/\",\"name\":\"Novo aqui? - N\u00e3o $ei Investir\",\"isPartOf\":{\"@id\":\"https:\\\/\\\/naoseiinvestir.com\\\/#website\"},\"datePublished\":\"2021-03-17T19:33:20+00:00\",\"dateModified\":\"2021-06-18T14:52:04+00:00\",\"description\":\"Novo ou nova no site? Aqui falamos sobre educa\u00e7\u00e3o financeira e investimentos de forma simples e descomplicada.\",\"breadcrumb\":{\"@id\":\"https:\\\/\\\/naoseiinvestir.com\\\/index.php\\\/comece-aqui\\\/#breadcrumb\"},\"inLanguage\":\"pt-BR\",\"potentialAction\":[{\"@type\":\"ReadAction\",\"target\":[\"https:\\\/\\\/naoseiinvestir.com\\\/index.php\\\/comece-aqui\\\/\"]}]},{\"@type\":\"BreadcrumbList\",\"@id\":\"https:\\\/\\\/naoseiinvestir.com\\\/index.php\\\/comece-aqui\\\/#breadcrumb\",\"itemListElement\":[{\"@type\":\"ListItem\",\"position\":1,\"name\":\"In\u00edcio\",\"item\":\"https:\\\/\\\/naoseiinvestir.com\\\/\"},{\"@type\":\"ListItem\",\"position\":2,\"name\":\"Novo aqui?\"}]},{\"@type\":\"WebSite\",\"@id\":\"https:\\\/\\\/naoseiinvestir.com\\\/#website\",\"url\":\"https:\\\/\\\/naoseiinvestir.com\\\/\",\"name\":\"N\u00e3o $ei Investir\",\"description\":\"Educa\u00e7\u00e3o Financeira Simples\",\"publisher\":{\"@id\":\"https:\\\/\\\/naoseiinvestir.com\\\/#organization\"},\"potentialAction\":[{\"@type\":\"SearchAction\",\"target\":{\"@type\":\"EntryPoint\",\"urlTemplate\":\"https:\\\/\\\/naoseiinvestir.com\\\/?s={search_term_string}\"},\"query-input\":{\"@type\":\"PropertyValueSpecification\",\"valueRequired\":true,\"valueName\":\"search_term_string\"}}],\"inLanguage\":\"pt-BR\"},{\"@type\":\"Organization\",\"@id\":\"https:\\\/\\\/naoseiinvestir.com\\\/#organization\",\"name\":\"N\u00e3o $ei Investir\",\"url\":\"https:\\\/\\\/naoseiinvestir.com\\\/\",\"logo\":{\"@type\":\"ImageObject\",\"inLanguage\":\"pt-BR\",\"@id\":\"https:\\\/\\\/naoseiinvestir.com\\\/#\\\/schema\\\/logo\\\/image\\\/\",\"url\":\"https:\\\/\\\/naoseiinvestir.com\\\/wp-content\\\/uploads\\\/2020\\\/10\\\/cropped-Design-sem-nome-1.png\",\"contentUrl\":\"https:\\\/\\\/naoseiinvestir.com\\\/wp-content\\\/uploads\\\/2020\\\/10\\\/cropped-Design-sem-nome-1.png\",\"width\":90,\"height\":100,\"caption\":\"N\u00e3o $ei Investir\"},\"image\":{\"@id\":\"https:\\\/\\\/naoseiinvestir.com\\\/#\\\/schema\\\/logo\\\/image\\\/\"}}]}<\/script>\n<!-- \/ Yoast SEO plugin. -->","yoast_head_json":{"title":"Novo aqui? - N\u00e3o $ei Investir","description":"Novo ou nova no site? Aqui falamos sobre educa\u00e7\u00e3o financeira e investimentos de forma simples e descomplicada.","robots":{"index":"index","follow":"follow","max-snippet":"max-snippet:-1","max-image-preview":"max-image-preview:large","max-video-preview":"max-video-preview:-1"},"canonical":"https:\/\/naoseiinvestir.com\/index.php\/comece-aqui\/","og_locale":"pt_BR","og_type":"article","og_title":"Novo aqui? - N\u00e3o $ei Investir","og_description":"Novo ou nova no site? Aqui falamos sobre educa\u00e7\u00e3o financeira e investimentos de forma simples e descomplicada.","og_url":"https:\/\/naoseiinvestir.com\/index.php\/comece-aqui\/","og_site_name":"N\u00e3o $ei Investir","article_modified_time":"2021-06-18T14:52:04+00:00","twitter_card":"summary_large_image","twitter_misc":{"Est. tempo de leitura":"2 minutos"},"schema":{"@context":"https:\/\/schema.org","@graph":[{"@type":"WebPage","@id":"https:\/\/naoseiinvestir.com\/index.php\/comece-aqui\/","url":"https:\/\/naoseiinvestir.com\/index.php\/comece-aqui\/","name":"Novo aqui? - N\u00e3o $ei Investir","isPartOf":{"@id":"https:\/\/naoseiinvestir.com\/#website"},"datePublished":"2021-03-17T19:33:20+00:00","dateModified":"2021-06-18T14:52:04+00:00","description":"Novo ou nova no site? Aqui falamos sobre educa\u00e7\u00e3o financeira e investimentos de forma simples e descomplicada.","breadcrumb":{"@id":"https:\/\/naoseiinvestir.com\/index.php\/comece-aqui\/#breadcrumb"},"inLanguage":"pt-BR","potentialAction":[{"@type":"ReadAction","target":["https:\/\/naoseiinvestir.com\/index.php\/comece-aqui\/"]}]},{"@type":"BreadcrumbList","@id":"https:\/\/naoseiinvestir.com\/index.php\/comece-aqui\/#breadcrumb","itemListElement":[{"@type":"ListItem","position":1,"name":"In\u00edcio","item":"https:\/\/naoseiinvestir.com\/"},{"@type":"ListItem","position":2,"name":"Novo aqui?"}]},{"@type":"WebSite","@id":"https:\/\/naoseiinvestir.com\/#website","url":"https:\/\/naoseiinvestir.com\/","name":"N\u00e3o $ei Investir","description":"Educa\u00e7\u00e3o Financeira Simples","publisher":{"@id":"https:\/\/naoseiinvestir.com\/#organization"},"potentialAction":[{"@type":"SearchAction","target":{"@type":"EntryPoint","urlTemplate":"https:\/\/naoseiinvestir.com\/?s={search_term_string}"},"query-input":{"@type":"PropertyValueSpecification","valueRequired":true,"valueName":"search_term_string"}}],"inLanguage":"pt-BR"},{"@type":"Organization","@id":"https:\/\/naoseiinvestir.com\/#organization","name":"N\u00e3o $ei Investir","url":"https:\/\/naoseiinvestir.com\/","logo":{"@type":"ImageObject","inLanguage":"pt-BR","@id":"https:\/\/naoseiinvestir.com\/#\/schema\/logo\/image\/","url":"https:\/\/naoseiinvestir.com\/wp-content\/uploads\/2020\/10\/cropped-Design-sem-nome-1.png","contentUrl":"https:\/\/naoseiinvestir.com\/wp-content\/uploads\/2020\/10\/cropped-Design-sem-nome-1.png","width":90,"height":100,"caption":"N\u00e3o $ei Investir"},"image":{"@id":"https:\/\/naoseiinvestir.com\/#\/schema\/logo\/image\/"}}]}},"_links":{"self":[{"href":"https:\/\/naoseiinvestir.com\/index.php\/wp-json\/wp\/v2\/pages\/1746","targetHints":{"allow":["GET"]}}],"collection":[{"href":"https:\/\/naoseiinvestir.com\/index.php\/wp-json\/wp\/v2\/pages"}],"about":[{"href":"https:\/\/naoseiinvestir.com\/index.php\/wp-json\/wp\/v2\/types\/page"}],"author":[{"embeddable":true,"href":"https:\/\/naoseiinvestir.com\/index.php\/wp-json\/wp\/v2\/users\/1"}],"replies":[{"embeddable":true,"href":"https:\/\/naoseiinvestir.com\/index.php\/wp-json\/wp\/v2\/comments?post=1746"}],"version-history":[{"count":2,"href":"https:\/\/naoseiinvestir.com\/index.php\/wp-json\/wp\/v2\/pages\/1746\/revisions"}],"predecessor-version":[{"id":1893,"href":"https:\/\/naoseiinvestir.com\/index.php\/wp-json\/wp\/v2\/pages\/1746\/revisions\/1893"}],"wp:attachment":[{"href":"https:\/\/naoseiinvestir.com\/index.php\/wp-json\/wp\/v2\/media?parent=1746"}],"curies":[{"name":"wp","href":"https:\/\/api.w.org\/{rel}","templated":true}]}}