{"id":2183,"date":"2022-01-20T15:41:35","date_gmt":"2022-01-20T18:41:35","guid":{"rendered":"https:\/\/naoseiinvestir.com\/?page_id=2183"},"modified":"2022-01-20T15:46:37","modified_gmt":"2022-01-20T18:46:37","slug":"curso-reserva-de-emergencia-do-zero-obrigado","status":"publish","type":"page","link":"https:\/\/naoseiinvestir.com\/index.php\/curso-reserva-de-emergencia-do-zero-obrigado\/","title":{"rendered":"Curso Reserva de Emerg\u00eancia do Zero &#8211; P\u00e1gina de Obrigado"},"content":{"rendered":"\t\t<div data-elementor-type=\"wp-page\" data-elementor-id=\"2183\" class=\"elementor elementor-2183\">\n\t\t\t\t\t\t<section class=\"elementor-section elementor-top-section elementor-element elementor-element-ff804a1 elementor-section-boxed elementor-section-height-default elementor-section-height-default\" data-id=\"ff804a1\" data-element_type=\"section\" data-e-type=\"section\">\n\t\t\t\t\t\t<div class=\"elementor-container elementor-column-gap-default\">\n\t\t\t\t\t<div class=\"elementor-column elementor-col-100 elementor-top-column elementor-element elementor-element-44fc157\" data-id=\"44fc157\" data-element_type=\"column\" data-e-type=\"column\">\n\t\t\t<div class=\"elementor-widget-wrap elementor-element-populated\">\n\t\t\t\t\t\t<div class=\"elementor-element elementor-element-cbe240e elementor-widget elementor-widget-heading\" data-id=\"cbe240e\" data-element_type=\"widget\" data-e-type=\"widget\" data-widget_type=\"heading.default\">\n\t\t\t\t<div class=\"elementor-widget-container\">\n\t\t\t\t\t<h1 class=\"elementor-heading-title elementor-size-default\">Curso Reserva de Emerg\u00eancia do Zero<\/h1>\t\t\t\t<\/div>\n\t\t\t\t<\/div>\n\t\t\t\t\t<\/div>\n\t\t<\/div>\n\t\t\t\t\t<\/div>\n\t\t<\/section>\n\t\t\t\t<section class=\"elementor-section elementor-top-section elementor-element elementor-element-556687b elementor-section-boxed elementor-section-height-default elementor-section-height-default\" data-id=\"556687b\" data-element_type=\"section\" data-e-type=\"section\">\n\t\t\t\t\t\t<div class=\"elementor-container elementor-column-gap-default\">\n\t\t\t\t\t<div class=\"elementor-column elementor-col-100 elementor-top-column elementor-element elementor-element-653fcff\" data-id=\"653fcff\" data-element_type=\"column\" data-e-type=\"column\">\n\t\t\t<div class=\"elementor-widget-wrap elementor-element-populated\">\n\t\t\t\t\t\t<div class=\"elementor-element elementor-element-10ccddf elementor-widget elementor-widget-heading\" data-id=\"10ccddf\" data-element_type=\"widget\" data-e-type=\"widget\" data-widget_type=\"heading.default\">\n\t\t\t\t<div class=\"elementor-widget-container\">\n\t\t\t\t\t<h2 class=\"elementor-heading-title elementor-size-default\">Obrigado!<\/h2>\t\t\t\t<\/div>\n\t\t\t\t<\/div>\n\t\t\t\t\t<\/div>\n\t\t<\/div>\n\t\t\t\t\t<\/div>\n\t\t<\/section>\n\t\t\t\t<section class=\"elementor-section elementor-top-section elementor-element elementor-element-10c3595 elementor-section-boxed elementor-section-height-default elementor-section-height-default\" data-id=\"10c3595\" data-element_type=\"section\" data-e-type=\"section\">\n\t\t\t\t\t\t<div class=\"elementor-container elementor-column-gap-default\">\n\t\t\t\t\t<div class=\"elementor-column elementor-col-100 elementor-top-column elementor-element elementor-element-54ef64a\" data-id=\"54ef64a\" data-element_type=\"column\" data-e-type=\"column\">\n\t\t\t<div class=\"elementor-widget-wrap elementor-element-populated\">\n\t\t\t\t\t\t<div class=\"elementor-element elementor-element-23b91da elementor-widget elementor-widget-text-editor\" data-id=\"23b91da\" data-element_type=\"widget\" data-e-type=\"widget\" data-widget_type=\"text-editor.default\">\n\t\t\t\t<div class=\"elementor-widget-container\">\n\t\t\t\t\t\t\t\t\t<p>Voc\u00ea adquiriu o Curso RESERVA DE EMERG\u00caNCIA DO ZERO com sucesso!<\/p><p>Os dados de acesso ser\u00e3o enviados para o seu e-mail.<\/p><p>Caso tenha qualquer problema, envie um e-mail para naoseiinvestir@gmail.com<\/p>\t\t\t\t\t\t\t\t<\/div>\n\t\t\t\t<\/div>\n\t\t\t\t\t<\/div>\n\t\t<\/div>\n\t\t\t\t\t<\/div>\n\t\t<\/section>\n\t\t\t\t<\/div>\n\t\t","protected":false},"excerpt":{"rendered":"<p>Curso Reserva de Emerg\u00eancia do Zero Obrigado! Voc\u00ea adquiriu o Curso RESERVA DE EMERG\u00caNCIA DO ZERO com sucesso! Os dados de acesso ser\u00e3o enviados para o seu e-mail. Caso tenha qualquer problema, envie um e-mail para naoseiinvestir@gmail.com<\/p>\n","protected":false},"author":1,"featured_media":0,"parent":0,"menu_order":0,"comment_status":"closed","ping_status":"closed","template":"elementor_canvas","meta":{"_monsterinsights_skip_tracking":false,"_monsterinsights_sitenote_active":false,"_monsterinsights_sitenote_note":"","_monsterinsights_sitenote_category":0,"footnotes":""},"class_list":["post-2183","page","type-page","status-publish","czr-hentry"],"yoast_head":"<!-- This site is optimized with the Yoast SEO plugin v27.4 - https:\/\/yoast.com\/product\/yoast-seo-wordpress\/ -->\n<title>Curso Reserva de Emerg\u00eancia do Zero - P\u00e1gina de Obrigado - N\u00e3o $ei Investir<\/title>\n<meta name=\"robots\" content=\"index, follow, max-snippet:-1, max-image-preview:large, max-video-preview:-1\" \/>\n<link rel=\"canonical\" href=\"https:\/\/naoseiinvestir.com\/index.php\/curso-reserva-de-emergencia-do-zero-obrigado\/\" \/>\n<meta property=\"og:locale\" content=\"pt_BR\" \/>\n<meta property=\"og:type\" content=\"article\" \/>\n<meta property=\"og:title\" content=\"Curso Reserva de Emerg\u00eancia do Zero - P\u00e1gina de Obrigado - N\u00e3o $ei Investir\" \/>\n<meta property=\"og:description\" content=\"Curso Reserva de Emerg\u00eancia do Zero Obrigado! Voc\u00ea adquiriu o Curso RESERVA DE EMERG\u00caNCIA DO ZERO com sucesso! Os dados de acesso ser\u00e3o enviados para o seu e-mail. Caso tenha qualquer problema, envie um e-mail para naoseiinvestir@gmail.com\" \/>\n<meta property=\"og:url\" content=\"https:\/\/naoseiinvestir.com\/index.php\/curso-reserva-de-emergencia-do-zero-obrigado\/\" \/>\n<meta property=\"og:site_name\" content=\"N\u00e3o $ei Investir\" \/>\n<meta property=\"article:modified_time\" content=\"2022-01-20T18:46:37+00:00\" \/>\n<meta name=\"twitter:card\" content=\"summary_large_image\" \/>\n<meta name=\"twitter:label1\" content=\"Est. tempo de leitura\" \/>\n\t<meta name=\"twitter:data1\" content=\"1 minuto\" \/>\n<script type=\"application\/ld+json\" class=\"yoast-schema-graph\">{\"@context\":\"https:\\\/\\\/schema.org\",\"@graph\":[{\"@type\":\"WebPage\",\"@id\":\"https:\\\/\\\/naoseiinvestir.com\\\/index.php\\\/curso-reserva-de-emergencia-do-zero-obrigado\\\/\",\"url\":\"https:\\\/\\\/naoseiinvestir.com\\\/index.php\\\/curso-reserva-de-emergencia-do-zero-obrigado\\\/\",\"name\":\"Curso Reserva de Emerg\u00eancia do Zero - P\u00e1gina de Obrigado - N\u00e3o $ei Investir\",\"isPartOf\":{\"@id\":\"https:\\\/\\\/naoseiinvestir.com\\\/#website\"},\"datePublished\":\"2022-01-20T18:41:35+00:00\",\"dateModified\":\"2022-01-20T18:46:37+00:00\",\"breadcrumb\":{\"@id\":\"https:\\\/\\\/naoseiinvestir.com\\\/index.php\\\/curso-reserva-de-emergencia-do-zero-obrigado\\\/#breadcrumb\"},\"inLanguage\":\"pt-BR\",\"potentialAction\":[{\"@type\":\"ReadAction\",\"target\":[\"https:\\\/\\\/naoseiinvestir.com\\\/index.php\\\/curso-reserva-de-emergencia-do-zero-obrigado\\\/\"]}]},{\"@type\":\"BreadcrumbList\",\"@id\":\"https:\\\/\\\/naoseiinvestir.com\\\/index.php\\\/curso-reserva-de-emergencia-do-zero-obrigado\\\/#breadcrumb\",\"itemListElement\":[{\"@type\":\"ListItem\",\"position\":1,\"name\":\"In\u00edcio\",\"item\":\"https:\\\/\\\/naoseiinvestir.com\\\/\"},{\"@type\":\"ListItem\",\"position\":2,\"name\":\"Curso Reserva de Emerg\u00eancia do Zero &#8211; P\u00e1gina de Obrigado\"}]},{\"@type\":\"WebSite\",\"@id\":\"https:\\\/\\\/naoseiinvestir.com\\\/#website\",\"url\":\"https:\\\/\\\/naoseiinvestir.com\\\/\",\"name\":\"N\u00e3o $ei Investir\",\"description\":\"Educa\u00e7\u00e3o Financeira Simples\",\"publisher\":{\"@id\":\"https:\\\/\\\/naoseiinvestir.com\\\/#organization\"},\"potentialAction\":[{\"@type\":\"SearchAction\",\"target\":{\"@type\":\"EntryPoint\",\"urlTemplate\":\"https:\\\/\\\/naoseiinvestir.com\\\/?s={search_term_string}\"},\"query-input\":{\"@type\":\"PropertyValueSpecification\",\"valueRequired\":true,\"valueName\":\"search_term_string\"}}],\"inLanguage\":\"pt-BR\"},{\"@type\":\"Organization\",\"@id\":\"https:\\\/\\\/naoseiinvestir.com\\\/#organization\",\"name\":\"N\u00e3o $ei Investir\",\"url\":\"https:\\\/\\\/naoseiinvestir.com\\\/\",\"logo\":{\"@type\":\"ImageObject\",\"inLanguage\":\"pt-BR\",\"@id\":\"https:\\\/\\\/naoseiinvestir.com\\\/#\\\/schema\\\/logo\\\/image\\\/\",\"url\":\"https:\\\/\\\/naoseiinvestir.com\\\/wp-content\\\/uploads\\\/2020\\\/10\\\/cropped-Design-sem-nome-1.png\",\"contentUrl\":\"https:\\\/\\\/naoseiinvestir.com\\\/wp-content\\\/uploads\\\/2020\\\/10\\\/cropped-Design-sem-nome-1.png\",\"width\":90,\"height\":100,\"caption\":\"N\u00e3o $ei Investir\"},\"image\":{\"@id\":\"https:\\\/\\\/naoseiinvestir.com\\\/#\\\/schema\\\/logo\\\/image\\\/\"}}]}<\/script>\n<!-- \/ Yoast SEO plugin. -->","yoast_head_json":{"title":"Curso Reserva de Emerg\u00eancia do Zero - P\u00e1gina de Obrigado - N\u00e3o $ei Investir","robots":{"index":"index","follow":"follow","max-snippet":"max-snippet:-1","max-image-preview":"max-image-preview:large","max-video-preview":"max-video-preview:-1"},"canonical":"https:\/\/naoseiinvestir.com\/index.php\/curso-reserva-de-emergencia-do-zero-obrigado\/","og_locale":"pt_BR","og_type":"article","og_title":"Curso Reserva de Emerg\u00eancia do Zero - P\u00e1gina de Obrigado - N\u00e3o $ei Investir","og_description":"Curso Reserva de Emerg\u00eancia do Zero Obrigado! Voc\u00ea adquiriu o Curso RESERVA DE EMERG\u00caNCIA DO ZERO com sucesso! Os dados de acesso ser\u00e3o enviados para o seu e-mail. Caso tenha qualquer problema, envie um e-mail para naoseiinvestir@gmail.com","og_url":"https:\/\/naoseiinvestir.com\/index.php\/curso-reserva-de-emergencia-do-zero-obrigado\/","og_site_name":"N\u00e3o $ei Investir","article_modified_time":"2022-01-20T18:46:37+00:00","twitter_card":"summary_large_image","twitter_misc":{"Est. tempo de leitura":"1 minuto"},"schema":{"@context":"https:\/\/schema.org","@graph":[{"@type":"WebPage","@id":"https:\/\/naoseiinvestir.com\/index.php\/curso-reserva-de-emergencia-do-zero-obrigado\/","url":"https:\/\/naoseiinvestir.com\/index.php\/curso-reserva-de-emergencia-do-zero-obrigado\/","name":"Curso Reserva de Emerg\u00eancia do Zero - P\u00e1gina de Obrigado - N\u00e3o $ei Investir","isPartOf":{"@id":"https:\/\/naoseiinvestir.com\/#website"},"datePublished":"2022-01-20T18:41:35+00:00","dateModified":"2022-01-20T18:46:37+00:00","breadcrumb":{"@id":"https:\/\/naoseiinvestir.com\/index.php\/curso-reserva-de-emergencia-do-zero-obrigado\/#breadcrumb"},"inLanguage":"pt-BR","potentialAction":[{"@type":"ReadAction","target":["https:\/\/naoseiinvestir.com\/index.php\/curso-reserva-de-emergencia-do-zero-obrigado\/"]}]},{"@type":"BreadcrumbList","@id":"https:\/\/naoseiinvestir.com\/index.php\/curso-reserva-de-emergencia-do-zero-obrigado\/#breadcrumb","itemListElement":[{"@type":"ListItem","position":1,"name":"In\u00edcio","item":"https:\/\/naoseiinvestir.com\/"},{"@type":"ListItem","position":2,"name":"Curso Reserva de Emerg\u00eancia do Zero &#8211; P\u00e1gina de Obrigado"}]},{"@type":"WebSite","@id":"https:\/\/naoseiinvestir.com\/#website","url":"https:\/\/naoseiinvestir.com\/","name":"N\u00e3o $ei Investir","description":"Educa\u00e7\u00e3o Financeira Simples","publisher":{"@id":"https:\/\/naoseiinvestir.com\/#organization"},"potentialAction":[{"@type":"SearchAction","target":{"@type":"EntryPoint","urlTemplate":"https:\/\/naoseiinvestir.com\/?s={search_term_string}"},"query-input":{"@type":"PropertyValueSpecification","valueRequired":true,"valueName":"search_term_string"}}],"inLanguage":"pt-BR"},{"@type":"Organization","@id":"https:\/\/naoseiinvestir.com\/#organization","name":"N\u00e3o $ei Investir","url":"https:\/\/naoseiinvestir.com\/","logo":{"@type":"ImageObject","inLanguage":"pt-BR","@id":"https:\/\/naoseiinvestir.com\/#\/schema\/logo\/image\/","url":"https:\/\/naoseiinvestir.com\/wp-content\/uploads\/2020\/10\/cropped-Design-sem-nome-1.png","contentUrl":"https:\/\/naoseiinvestir.com\/wp-content\/uploads\/2020\/10\/cropped-Design-sem-nome-1.png","width":90,"height":100,"caption":"N\u00e3o $ei Investir"},"image":{"@id":"https:\/\/naoseiinvestir.com\/#\/schema\/logo\/image\/"}}]}},"_links":{"self":[{"href":"https:\/\/naoseiinvestir.com\/index.php\/wp-json\/wp\/v2\/pages\/2183","targetHints":{"allow":["GET"]}}],"collection":[{"href":"https:\/\/naoseiinvestir.com\/index.php\/wp-json\/wp\/v2\/pages"}],"about":[{"href":"https:\/\/naoseiinvestir.com\/index.php\/wp-json\/wp\/v2\/types\/page"}],"author":[{"embeddable":true,"href":"https:\/\/naoseiinvestir.com\/index.php\/wp-json\/wp\/v2\/users\/1"}],"replies":[{"embeddable":true,"href":"https:\/\/naoseiinvestir.com\/index.php\/wp-json\/wp\/v2\/comments?post=2183"}],"version-history":[{"count":5,"href":"https:\/\/naoseiinvestir.com\/index.php\/wp-json\/wp\/v2\/pages\/2183\/revisions"}],"predecessor-version":[{"id":2188,"href":"https:\/\/naoseiinvestir.com\/index.php\/wp-json\/wp\/v2\/pages\/2183\/revisions\/2188"}],"wp:attachment":[{"href":"https:\/\/naoseiinvestir.com\/index.php\/wp-json\/wp\/v2\/media?parent=2183"}],"curies":[{"name":"wp","href":"https:\/\/api.w.org\/{rel}","templated":true}]}}