{"id":2193,"date":"2022-02-17T21:07:06","date_gmt":"2022-02-18T00:07:06","guid":{"rendered":"https:\/\/naoseiinvestir.com\/?page_id=2193"},"modified":"2022-02-17T21:07:07","modified_gmt":"2022-02-18T00:07:07","slug":"termos-de-uso","status":"publish","type":"page","link":"https:\/\/naoseiinvestir.com\/index.php\/termos-de-uso\/","title":{"rendered":"Termos de Uso"},"content":{"rendered":"\n<p>Seja muito bem-vindo, seja muito bem-vinda!<\/p>\n\n\n\n<p>O site naoseiinvestir.com \u00e9 um local para estudar sobre educa\u00e7\u00e3o financeira, finan\u00e7as pessoais e investimentos. Todos os conhecimentos aqui abordados devem ser encarados como direcionamento de estudo e n\u00e3o como indica\u00e7\u00e3o de compra ou venda de ativos.<\/p>\n\n\n\n<h2 class=\"wp-block-heading\" id=\"comentarios\">Coment\u00e1rios<\/h2>\n\n\n\n<p>Fique \u00e0 vontade para comentar nos posts, bem como nas aulas dos nossos cursos, caso tenha d\u00favidas, sugest\u00f5es ou elogios. <\/p>\n\n\n\n<p>Sempre respondemos os coment\u00e1rios e nos reservamos o direito de n\u00e3o aprovar coment\u00e1rios de algum modo ofensivos. <\/p>\n\n\n\n<p>Fica a crit\u00e9rio do site naoseiinvestir.com a aprova\u00e7\u00e3o ou reprova\u00e7\u00e3o de coment\u00e1rios, segundo nossa an\u00e1lise.<\/p>\n\n\n\n<h2 class=\"wp-block-heading\" id=\"cursos-e-e-books\">Cursos e E-books<\/h2>\n\n\n\n<p>Nossos cursos e e-books s\u00e3o comercializados e entregues de forma digital, por meio de plataformas que fornecem tal servi\u00e7o.<\/p>\n\n\n\n<p>Em caso de quaisquer d\u00favidas nos nossos cursos, basta comentar diretamente nas aulas e responderemos t\u00e3o r\u00e1pido quanto poss\u00edvel.<\/p>\n\n\n\n<p>Alternativamente, voc\u00ea pode entrar em contato conosco, mandando um e-mail ou uma mensagem nas nossas redes sociais. <\/p>\n\n\n\n<p>Cheque a nossa p\u00e1gina de contato <a href=\"https:\/\/naoseiinvestir.com\/index.php\/contato\/\" target=\"_blank\" rel=\"noreferrer noopener\">neste link<\/a>.<\/p>\n","protected":false},"excerpt":{"rendered":"<p>Seja muito bem-vindo, seja muito bem-vinda! O site naoseiinvestir.com \u00e9 um local para estudar sobre educa\u00e7\u00e3o financeira, finan\u00e7as pessoais e investimentos. Todos os conhecimentos aqui abordados devem ser encarados como direcionamento de estudo e n\u00e3o como indica\u00e7\u00e3o de compra ou venda de ativos. Coment\u00e1rios Fique \u00e0 vontade para comentar nos posts, bem como nas aulas [&hellip;]<\/p>\n","protected":false},"author":1,"featured_media":0,"parent":0,"menu_order":0,"comment_status":"closed","ping_status":"closed","template":"","meta":{"_monsterinsights_skip_tracking":false,"_monsterinsights_sitenote_active":false,"_monsterinsights_sitenote_note":"","_monsterinsights_sitenote_category":0,"footnotes":""},"class_list":["post-2193","page","type-page","status-publish","czr-hentry"],"yoast_head":"<!-- This site is optimized with the Yoast SEO plugin v27.4 - https:\/\/yoast.com\/product\/yoast-seo-wordpress\/ -->\n<title>Termos de Uso - N\u00e3o $ei Investir<\/title>\n<meta name=\"robots\" content=\"index, follow, max-snippet:-1, max-image-preview:large, max-video-preview:-1\" \/>\n<link rel=\"canonical\" href=\"https:\/\/naoseiinvestir.com\/index.php\/termos-de-uso\/\" \/>\n<meta property=\"og:locale\" content=\"pt_BR\" \/>\n<meta property=\"og:type\" content=\"article\" \/>\n<meta property=\"og:title\" content=\"Termos de Uso - N\u00e3o $ei Investir\" \/>\n<meta property=\"og:description\" content=\"Seja muito bem-vindo, seja muito bem-vinda! O site naoseiinvestir.com \u00e9 um local para estudar sobre educa\u00e7\u00e3o financeira, finan\u00e7as pessoais e investimentos. Todos os conhecimentos aqui abordados devem ser encarados como direcionamento de estudo e n\u00e3o como indica\u00e7\u00e3o de compra ou venda de ativos. Coment\u00e1rios Fique \u00e0 vontade para comentar nos posts, bem como nas aulas [&hellip;]\" \/>\n<meta property=\"og:url\" content=\"https:\/\/naoseiinvestir.com\/index.php\/termos-de-uso\/\" \/>\n<meta property=\"og:site_name\" content=\"N\u00e3o $ei Investir\" \/>\n<meta property=\"article:modified_time\" content=\"2022-02-18T00:07:07+00:00\" \/>\n<meta name=\"twitter:card\" content=\"summary_large_image\" \/>\n<meta name=\"twitter:label1\" content=\"Est. tempo de leitura\" \/>\n\t<meta name=\"twitter:data1\" content=\"1 minuto\" \/>\n<script type=\"application\/ld+json\" class=\"yoast-schema-graph\">{\"@context\":\"https:\\\/\\\/schema.org\",\"@graph\":[{\"@type\":\"WebPage\",\"@id\":\"https:\\\/\\\/naoseiinvestir.com\\\/index.php\\\/termos-de-uso\\\/\",\"url\":\"https:\\\/\\\/naoseiinvestir.com\\\/index.php\\\/termos-de-uso\\\/\",\"name\":\"Termos de Uso - N\u00e3o $ei Investir\",\"isPartOf\":{\"@id\":\"https:\\\/\\\/naoseiinvestir.com\\\/#website\"},\"datePublished\":\"2022-02-18T00:07:06+00:00\",\"dateModified\":\"2022-02-18T00:07:07+00:00\",\"breadcrumb\":{\"@id\":\"https:\\\/\\\/naoseiinvestir.com\\\/index.php\\\/termos-de-uso\\\/#breadcrumb\"},\"inLanguage\":\"pt-BR\",\"potentialAction\":[{\"@type\":\"ReadAction\",\"target\":[\"https:\\\/\\\/naoseiinvestir.com\\\/index.php\\\/termos-de-uso\\\/\"]}]},{\"@type\":\"BreadcrumbList\",\"@id\":\"https:\\\/\\\/naoseiinvestir.com\\\/index.php\\\/termos-de-uso\\\/#breadcrumb\",\"itemListElement\":[{\"@type\":\"ListItem\",\"position\":1,\"name\":\"In\u00edcio\",\"item\":\"https:\\\/\\\/naoseiinvestir.com\\\/\"},{\"@type\":\"ListItem\",\"position\":2,\"name\":\"Termos de Uso\"}]},{\"@type\":\"WebSite\",\"@id\":\"https:\\\/\\\/naoseiinvestir.com\\\/#website\",\"url\":\"https:\\\/\\\/naoseiinvestir.com\\\/\",\"name\":\"N\u00e3o $ei Investir\",\"description\":\"Educa\u00e7\u00e3o Financeira Simples\",\"publisher\":{\"@id\":\"https:\\\/\\\/naoseiinvestir.com\\\/#organization\"},\"potentialAction\":[{\"@type\":\"SearchAction\",\"target\":{\"@type\":\"EntryPoint\",\"urlTemplate\":\"https:\\\/\\\/naoseiinvestir.com\\\/?s={search_term_string}\"},\"query-input\":{\"@type\":\"PropertyValueSpecification\",\"valueRequired\":true,\"valueName\":\"search_term_string\"}}],\"inLanguage\":\"pt-BR\"},{\"@type\":\"Organization\",\"@id\":\"https:\\\/\\\/naoseiinvestir.com\\\/#organization\",\"name\":\"N\u00e3o $ei Investir\",\"url\":\"https:\\\/\\\/naoseiinvestir.com\\\/\",\"logo\":{\"@type\":\"ImageObject\",\"inLanguage\":\"pt-BR\",\"@id\":\"https:\\\/\\\/naoseiinvestir.com\\\/#\\\/schema\\\/logo\\\/image\\\/\",\"url\":\"https:\\\/\\\/naoseiinvestir.com\\\/wp-content\\\/uploads\\\/2020\\\/10\\\/cropped-Design-sem-nome-1.png\",\"contentUrl\":\"https:\\\/\\\/naoseiinvestir.com\\\/wp-content\\\/uploads\\\/2020\\\/10\\\/cropped-Design-sem-nome-1.png\",\"width\":90,\"height\":100,\"caption\":\"N\u00e3o $ei Investir\"},\"image\":{\"@id\":\"https:\\\/\\\/naoseiinvestir.com\\\/#\\\/schema\\\/logo\\\/image\\\/\"}}]}<\/script>\n<!-- \/ Yoast SEO plugin. -->","yoast_head_json":{"title":"Termos de Uso - N\u00e3o $ei Investir","robots":{"index":"index","follow":"follow","max-snippet":"max-snippet:-1","max-image-preview":"max-image-preview:large","max-video-preview":"max-video-preview:-1"},"canonical":"https:\/\/naoseiinvestir.com\/index.php\/termos-de-uso\/","og_locale":"pt_BR","og_type":"article","og_title":"Termos de Uso - N\u00e3o $ei Investir","og_description":"Seja muito bem-vindo, seja muito bem-vinda! O site naoseiinvestir.com \u00e9 um local para estudar sobre educa\u00e7\u00e3o financeira, finan\u00e7as pessoais e investimentos. Todos os conhecimentos aqui abordados devem ser encarados como direcionamento de estudo e n\u00e3o como indica\u00e7\u00e3o de compra ou venda de ativos. Coment\u00e1rios Fique \u00e0 vontade para comentar nos posts, bem como nas aulas [&hellip;]","og_url":"https:\/\/naoseiinvestir.com\/index.php\/termos-de-uso\/","og_site_name":"N\u00e3o $ei Investir","article_modified_time":"2022-02-18T00:07:07+00:00","twitter_card":"summary_large_image","twitter_misc":{"Est. tempo de leitura":"1 minuto"},"schema":{"@context":"https:\/\/schema.org","@graph":[{"@type":"WebPage","@id":"https:\/\/naoseiinvestir.com\/index.php\/termos-de-uso\/","url":"https:\/\/naoseiinvestir.com\/index.php\/termos-de-uso\/","name":"Termos de Uso - N\u00e3o $ei Investir","isPartOf":{"@id":"https:\/\/naoseiinvestir.com\/#website"},"datePublished":"2022-02-18T00:07:06+00:00","dateModified":"2022-02-18T00:07:07+00:00","breadcrumb":{"@id":"https:\/\/naoseiinvestir.com\/index.php\/termos-de-uso\/#breadcrumb"},"inLanguage":"pt-BR","potentialAction":[{"@type":"ReadAction","target":["https:\/\/naoseiinvestir.com\/index.php\/termos-de-uso\/"]}]},{"@type":"BreadcrumbList","@id":"https:\/\/naoseiinvestir.com\/index.php\/termos-de-uso\/#breadcrumb","itemListElement":[{"@type":"ListItem","position":1,"name":"In\u00edcio","item":"https:\/\/naoseiinvestir.com\/"},{"@type":"ListItem","position":2,"name":"Termos de Uso"}]},{"@type":"WebSite","@id":"https:\/\/naoseiinvestir.com\/#website","url":"https:\/\/naoseiinvestir.com\/","name":"N\u00e3o $ei Investir","description":"Educa\u00e7\u00e3o Financeira Simples","publisher":{"@id":"https:\/\/naoseiinvestir.com\/#organization"},"potentialAction":[{"@type":"SearchAction","target":{"@type":"EntryPoint","urlTemplate":"https:\/\/naoseiinvestir.com\/?s={search_term_string}"},"query-input":{"@type":"PropertyValueSpecification","valueRequired":true,"valueName":"search_term_string"}}],"inLanguage":"pt-BR"},{"@type":"Organization","@id":"https:\/\/naoseiinvestir.com\/#organization","name":"N\u00e3o $ei Investir","url":"https:\/\/naoseiinvestir.com\/","logo":{"@type":"ImageObject","inLanguage":"pt-BR","@id":"https:\/\/naoseiinvestir.com\/#\/schema\/logo\/image\/","url":"https:\/\/naoseiinvestir.com\/wp-content\/uploads\/2020\/10\/cropped-Design-sem-nome-1.png","contentUrl":"https:\/\/naoseiinvestir.com\/wp-content\/uploads\/2020\/10\/cropped-Design-sem-nome-1.png","width":90,"height":100,"caption":"N\u00e3o $ei Investir"},"image":{"@id":"https:\/\/naoseiinvestir.com\/#\/schema\/logo\/image\/"}}]}},"_links":{"self":[{"href":"https:\/\/naoseiinvestir.com\/index.php\/wp-json\/wp\/v2\/pages\/2193","targetHints":{"allow":["GET"]}}],"collection":[{"href":"https:\/\/naoseiinvestir.com\/index.php\/wp-json\/wp\/v2\/pages"}],"about":[{"href":"https:\/\/naoseiinvestir.com\/index.php\/wp-json\/wp\/v2\/types\/page"}],"author":[{"embeddable":true,"href":"https:\/\/naoseiinvestir.com\/index.php\/wp-json\/wp\/v2\/users\/1"}],"replies":[{"embeddable":true,"href":"https:\/\/naoseiinvestir.com\/index.php\/wp-json\/wp\/v2\/comments?post=2193"}],"version-history":[{"count":1,"href":"https:\/\/naoseiinvestir.com\/index.php\/wp-json\/wp\/v2\/pages\/2193\/revisions"}],"predecessor-version":[{"id":2194,"href":"https:\/\/naoseiinvestir.com\/index.php\/wp-json\/wp\/v2\/pages\/2193\/revisions\/2194"}],"wp:attachment":[{"href":"https:\/\/naoseiinvestir.com\/index.php\/wp-json\/wp\/v2\/media?parent=2193"}],"curies":[{"name":"wp","href":"https:\/\/api.w.org\/{rel}","templated":true}]}}