{"id":3,"date":"2020-10-05T19:42:33","date_gmt":"2020-10-05T19:42:33","guid":{"rendered":"http:\/\/naoseiinvestir.com\/?page_id=3"},"modified":"2021-06-18T11:31:42","modified_gmt":"2021-06-18T14:31:42","slug":"politica-de-privacidade","status":"publish","type":"page","link":"https:\/\/naoseiinvestir.com\/index.php\/politica-de-privacidade\/","title":{"rendered":"Pol\u00edtica de Privacidade"},"content":{"rendered":"\n<h2 class=\"wp-block-heading\">Conte\u00fado<\/h2>\n\n\n\n<h3 class=\"wp-block-heading\">Produ\u00e7\u00e3o de conte\u00fado do site<\/h3>\n\n\n\n<p>O site N\u00e3o Sei Investir busca a produ\u00e7\u00e3o de um conte\u00fado original de educa\u00e7\u00e3o financeira e investimentos de forma simples e descomplicada. Assim, todo o conte\u00fado aqui produzido \u00e9 de propriedade do site <a rel=\"noreferrer noopener\" href=\"http:\/\/naoseiinvestir.com\" target=\"_blank\">N\u00e3o Sei Investir<\/a>. Sempre que usar algum material de terceiros para agregar ao conte\u00fado aqui produzido, citarei devidamente as fontes e refer\u00eancias. Assim, o leitor pode saber de onde veio aquela informa\u00e7\u00e3o e buscar a fonte original, inclusive para se aprofundar no assunto.<\/p>\n\n\n\n<h3 class=\"wp-block-heading\">Utiliza\u00e7\u00e3o de conte\u00fado do site e isen\u00e7\u00e3o de responsabilidade<\/h3>\n\n\n\n<p>Trazemos conte\u00fado sobre educa\u00e7\u00e3o financeira e investimentos: conhecimentos que voc\u00ea pode aplicar na sua vida, de forma a organizar melhor suas finan\u00e7as, investir melhor e ter tranquilidade financeira. <\/p>\n\n\n\n<p>Todo o conte\u00fado trazido aqui no site serve como refer\u00eancia de estudos, nenhum deles representando indica\u00e7\u00e3o de compra ou venda de ativos. Trazemos conhecimento para voc\u00ea formar a sua pr\u00f3pria an\u00e1lise e, inclusive, \u00e9 este tipo de mentalidade que o site se prop\u00f5e a propagar: o investidor deve saber analisar por conta pr\u00f3pria, montar sua carteira de investimentos e aprender com seus acertos e erros. <\/p>\n\n\n\n<p>O site n\u00e3o se responsabiliza por quaisquer perdas em investimentos, assim como n\u00e3o se vangloria por quaisquer ganhos em investimentos dos leitores. Os ganhos e perdas, os aprendizados e erros, s\u00e3o todos fruto do estudo e dos atos de cada investidor, individualmente, ficando o site isento da responsabilidade de quaisquer resultados que voc\u00ea obtenha nos seus investimentos, sejam positivos ou negativos. <\/p>\n\n\n\n<p>Afinal, o primeiro passo para ser uma boa investidora ou um bom investidor \u00e9 tomar responsabilidade pelos seus atos.<\/p>\n\n\n\n<h2 class=\"wp-block-heading\">Quais dados pessoais coletamos e por que coletamos<\/h2>\n\n\n\n<h3 class=\"wp-block-heading\">Coment\u00e1rios<\/h3>\n\n\n\n<p>Quando os visitantes deixam coment\u00e1rios aqui no site, n\u00f3s coletamos os dados mostrados no formul\u00e1rio de coment\u00e1rios, e tamb\u00e9m o endere\u00e7o IP do visitante e a string do agente do usu\u00e1rio do navegador para ajudar na detec\u00e7\u00e3o de spam.<\/p>\n\n\n\n<p>Todos os coment\u00e1rios est\u00e3o sujeitos a modera\u00e7\u00e3o, de modo que coment\u00e1rios ofensivos n\u00e3o ser\u00e3o aprovados. Coment\u00e1rios SPAM que porventura n\u00e3o tenham sido detectados nos nossos filtros autom\u00e1ticos tamb\u00e9m n\u00e3o ser\u00e3o aprovados. <\/p>\n\n\n\n<p>A caixa de coment\u00e1rios existe para d\u00favidas, sugest\u00f5es, elogios e quaisquer coment\u00e1rios relevantes, que agreguem ao leitor e agreguem ao conte\u00fado apresentado. Quaisquer coment\u00e1rios, ainda que n\u00e3o sejam SPAM ou ofensivos, mas que n\u00e3o sejam adequados ou n\u00e3o se encaixem de algum modo nas pol\u00edticas deste site, poder\u00e3o ser recusados ou apagados pelo moderador do site.<\/p>\n\n\n\n<h3 class=\"wp-block-heading\">Newsletter<\/h3>\n\n\n\n<p>Ao assinar nossa Newsletter Gratuita, coletamos o endere\u00e7o de e-mail do usu\u00e1rio, o qual fica salvo em nossa base de dados. Tais e-mails s\u00e3o utilizados para o envio de boletins com novidades referentes ao conte\u00fado do site, de interesse do usu\u00e1rio. <\/p>\n\n\n\n<h3 class=\"wp-block-heading\">Cookies<\/h3>\n\n\n\n<p>Se voc\u00ea deixar um coment\u00e1rio em nosso site, pode optar por salvar seu nome, endere\u00e7o de e-mail e site em cookies. Eles s\u00e3o para sua conveni\u00eancia, para que voc\u00ea n\u00e3o precise preencher seus dados novamente ao deixar outro coment\u00e1rio. <\/p>\n\n\n\n<p>Podemos enviar cookies para o seu navegador web. Tais cookies podem ser utilizados para estat\u00edsticas de acesso e publicidade. Terceiros, incluindo o Google, usam cookies para veicular an\u00fancios com base em visitas anteriores do usu\u00e1rio ao site <a rel=\"noreferrer noopener\" href=\"http:\/\/n\u00e3oseiinvestir.com\" target=\"_blank\">N\u00e3o Sei Investir<\/a> ou a outros websites.<\/p>\n\n\n\n<p>Com o uso de cookies de publicidade, o Google e os parceiros dele podem veicular an\u00fancios personalizados aos nossos leitores, com base nas visitas feitas ao site N\u00e3o Sei Investir e\/ou a outros sites na Internet.<\/p>\n\n\n\n<p>Os usu\u00e1rios podem desativar a publicidade personalizada acessando as&nbsp;Configura\u00e7\u00f5es de an\u00fancios, <a rel=\"noreferrer noopener\" target=\"_blank\" href=\"https:\/\/www.google.com\/settings\/ads\">neste link<\/a>.<\/p>\n\n\n\n<h2 class=\"wp-block-heading\">Atualiza\u00e7\u00f5es<\/h2>\n\n\n\n<p>Atualizamos constantemente a nossa pol\u00edtica de privacidade, de modo a dar a maior transpar\u00eancia poss\u00edvel ao leitor do site <a href=\"http:\/\/naoseiinvestir.com\" target=\"_blank\" rel=\"noreferrer noopener\">N\u00e3o Sei Investir<\/a>. <\/p>\n\n\n\n<p>Aproveite os artigos e bons estudos.<\/p>\n","protected":false},"excerpt":{"rendered":"<p>Conte\u00fado Produ\u00e7\u00e3o de conte\u00fado do site O site N\u00e3o Sei Investir busca a produ\u00e7\u00e3o de um conte\u00fado original de educa\u00e7\u00e3o financeira e investimentos de forma simples e descomplicada. Assim, todo o conte\u00fado aqui produzido \u00e9 de propriedade do site N\u00e3o Sei Investir. Sempre que usar algum material de terceiros para agregar ao conte\u00fado aqui produzido, [&hellip;]<\/p>\n","protected":false},"author":1,"featured_media":0,"parent":0,"menu_order":0,"comment_status":"closed","ping_status":"open","template":"","meta":{"_monsterinsights_skip_tracking":false,"_monsterinsights_sitenote_active":false,"_monsterinsights_sitenote_note":"","_monsterinsights_sitenote_category":0,"footnotes":""},"class_list":["post-3","page","type-page","status-publish","czr-hentry"],"yoast_head":"<!-- This site is optimized with the Yoast SEO plugin v27.4 - https:\/\/yoast.com\/product\/yoast-seo-wordpress\/ -->\n<title>Pol\u00edtica de Privacidade - N\u00e3o $ei Investir<\/title>\n<meta name=\"description\" content=\"Pol\u00edtica de privacidade, produ\u00e7\u00e3o de conte\u00fado, isen\u00e7\u00e3o de responsabilidade, coleta de dados e pol\u00edtica de cookies.\" \/>\n<meta name=\"robots\" content=\"index, follow, max-snippet:-1, max-image-preview:large, max-video-preview:-1\" \/>\n<link rel=\"canonical\" href=\"https:\/\/naoseiinvestir.com\/index.php\/politica-de-privacidade\/\" \/>\n<meta property=\"og:locale\" content=\"pt_BR\" \/>\n<meta property=\"og:type\" content=\"article\" \/>\n<meta property=\"og:title\" content=\"Pol\u00edtica de Privacidade - N\u00e3o $ei Investir\" \/>\n<meta property=\"og:description\" content=\"Pol\u00edtica de privacidade, produ\u00e7\u00e3o de conte\u00fado, isen\u00e7\u00e3o de responsabilidade, coleta de dados e pol\u00edtica de cookies.\" \/>\n<meta property=\"og:url\" content=\"https:\/\/naoseiinvestir.com\/index.php\/politica-de-privacidade\/\" \/>\n<meta property=\"og:site_name\" content=\"N\u00e3o $ei Investir\" \/>\n<meta property=\"article:modified_time\" content=\"2021-06-18T14:31:42+00:00\" \/>\n<meta name=\"twitter:card\" content=\"summary_large_image\" \/>\n<meta name=\"twitter:label1\" content=\"Est. tempo de leitura\" \/>\n\t<meta name=\"twitter:data1\" content=\"3 minutos\" \/>\n<script type=\"application\/ld+json\" class=\"yoast-schema-graph\">{\"@context\":\"https:\\\/\\\/schema.org\",\"@graph\":[{\"@type\":\"WebPage\",\"@id\":\"https:\\\/\\\/naoseiinvestir.com\\\/index.php\\\/politica-de-privacidade\\\/\",\"url\":\"https:\\\/\\\/naoseiinvestir.com\\\/index.php\\\/politica-de-privacidade\\\/\",\"name\":\"Pol\u00edtica de Privacidade - N\u00e3o $ei Investir\",\"isPartOf\":{\"@id\":\"https:\\\/\\\/naoseiinvestir.com\\\/#website\"},\"datePublished\":\"2020-10-05T19:42:33+00:00\",\"dateModified\":\"2021-06-18T14:31:42+00:00\",\"description\":\"Pol\u00edtica de privacidade, produ\u00e7\u00e3o de conte\u00fado, isen\u00e7\u00e3o de responsabilidade, coleta de dados e pol\u00edtica de cookies.\",\"breadcrumb\":{\"@id\":\"https:\\\/\\\/naoseiinvestir.com\\\/index.php\\\/politica-de-privacidade\\\/#breadcrumb\"},\"inLanguage\":\"pt-BR\",\"potentialAction\":[{\"@type\":\"ReadAction\",\"target\":[\"https:\\\/\\\/naoseiinvestir.com\\\/index.php\\\/politica-de-privacidade\\\/\"]}]},{\"@type\":\"BreadcrumbList\",\"@id\":\"https:\\\/\\\/naoseiinvestir.com\\\/index.php\\\/politica-de-privacidade\\\/#breadcrumb\",\"itemListElement\":[{\"@type\":\"ListItem\",\"position\":1,\"name\":\"In\u00edcio\",\"item\":\"https:\\\/\\\/naoseiinvestir.com\\\/\"},{\"@type\":\"ListItem\",\"position\":2,\"name\":\"Pol\u00edtica de Privacidade\"}]},{\"@type\":\"WebSite\",\"@id\":\"https:\\\/\\\/naoseiinvestir.com\\\/#website\",\"url\":\"https:\\\/\\\/naoseiinvestir.com\\\/\",\"name\":\"N\u00e3o $ei Investir\",\"description\":\"Educa\u00e7\u00e3o Financeira Simples\",\"publisher\":{\"@id\":\"https:\\\/\\\/naoseiinvestir.com\\\/#organization\"},\"potentialAction\":[{\"@type\":\"SearchAction\",\"target\":{\"@type\":\"EntryPoint\",\"urlTemplate\":\"https:\\\/\\\/naoseiinvestir.com\\\/?s={search_term_string}\"},\"query-input\":{\"@type\":\"PropertyValueSpecification\",\"valueRequired\":true,\"valueName\":\"search_term_string\"}}],\"inLanguage\":\"pt-BR\"},{\"@type\":\"Organization\",\"@id\":\"https:\\\/\\\/naoseiinvestir.com\\\/#organization\",\"name\":\"N\u00e3o $ei Investir\",\"url\":\"https:\\\/\\\/naoseiinvestir.com\\\/\",\"logo\":{\"@type\":\"ImageObject\",\"inLanguage\":\"pt-BR\",\"@id\":\"https:\\\/\\\/naoseiinvestir.com\\\/#\\\/schema\\\/logo\\\/image\\\/\",\"url\":\"https:\\\/\\\/naoseiinvestir.com\\\/wp-content\\\/uploads\\\/2020\\\/10\\\/cropped-Design-sem-nome-1.png\",\"contentUrl\":\"https:\\\/\\\/naoseiinvestir.com\\\/wp-content\\\/uploads\\\/2020\\\/10\\\/cropped-Design-sem-nome-1.png\",\"width\":90,\"height\":100,\"caption\":\"N\u00e3o $ei Investir\"},\"image\":{\"@id\":\"https:\\\/\\\/naoseiinvestir.com\\\/#\\\/schema\\\/logo\\\/image\\\/\"}}]}<\/script>\n<!-- \/ Yoast SEO plugin. -->","yoast_head_json":{"title":"Pol\u00edtica de Privacidade - N\u00e3o $ei Investir","description":"Pol\u00edtica de privacidade, produ\u00e7\u00e3o de conte\u00fado, isen\u00e7\u00e3o de responsabilidade, coleta de dados e pol\u00edtica de cookies.","robots":{"index":"index","follow":"follow","max-snippet":"max-snippet:-1","max-image-preview":"max-image-preview:large","max-video-preview":"max-video-preview:-1"},"canonical":"https:\/\/naoseiinvestir.com\/index.php\/politica-de-privacidade\/","og_locale":"pt_BR","og_type":"article","og_title":"Pol\u00edtica de Privacidade - N\u00e3o $ei Investir","og_description":"Pol\u00edtica de privacidade, produ\u00e7\u00e3o de conte\u00fado, isen\u00e7\u00e3o de responsabilidade, coleta de dados e pol\u00edtica de cookies.","og_url":"https:\/\/naoseiinvestir.com\/index.php\/politica-de-privacidade\/","og_site_name":"N\u00e3o $ei Investir","article_modified_time":"2021-06-18T14:31:42+00:00","twitter_card":"summary_large_image","twitter_misc":{"Est. tempo de leitura":"3 minutos"},"schema":{"@context":"https:\/\/schema.org","@graph":[{"@type":"WebPage","@id":"https:\/\/naoseiinvestir.com\/index.php\/politica-de-privacidade\/","url":"https:\/\/naoseiinvestir.com\/index.php\/politica-de-privacidade\/","name":"Pol\u00edtica de Privacidade - N\u00e3o $ei Investir","isPartOf":{"@id":"https:\/\/naoseiinvestir.com\/#website"},"datePublished":"2020-10-05T19:42:33+00:00","dateModified":"2021-06-18T14:31:42+00:00","description":"Pol\u00edtica de privacidade, produ\u00e7\u00e3o de conte\u00fado, isen\u00e7\u00e3o de responsabilidade, coleta de dados e pol\u00edtica de cookies.","breadcrumb":{"@id":"https:\/\/naoseiinvestir.com\/index.php\/politica-de-privacidade\/#breadcrumb"},"inLanguage":"pt-BR","potentialAction":[{"@type":"ReadAction","target":["https:\/\/naoseiinvestir.com\/index.php\/politica-de-privacidade\/"]}]},{"@type":"BreadcrumbList","@id":"https:\/\/naoseiinvestir.com\/index.php\/politica-de-privacidade\/#breadcrumb","itemListElement":[{"@type":"ListItem","position":1,"name":"In\u00edcio","item":"https:\/\/naoseiinvestir.com\/"},{"@type":"ListItem","position":2,"name":"Pol\u00edtica de Privacidade"}]},{"@type":"WebSite","@id":"https:\/\/naoseiinvestir.com\/#website","url":"https:\/\/naoseiinvestir.com\/","name":"N\u00e3o $ei Investir","description":"Educa\u00e7\u00e3o Financeira Simples","publisher":{"@id":"https:\/\/naoseiinvestir.com\/#organization"},"potentialAction":[{"@type":"SearchAction","target":{"@type":"EntryPoint","urlTemplate":"https:\/\/naoseiinvestir.com\/?s={search_term_string}"},"query-input":{"@type":"PropertyValueSpecification","valueRequired":true,"valueName":"search_term_string"}}],"inLanguage":"pt-BR"},{"@type":"Organization","@id":"https:\/\/naoseiinvestir.com\/#organization","name":"N\u00e3o $ei Investir","url":"https:\/\/naoseiinvestir.com\/","logo":{"@type":"ImageObject","inLanguage":"pt-BR","@id":"https:\/\/naoseiinvestir.com\/#\/schema\/logo\/image\/","url":"https:\/\/naoseiinvestir.com\/wp-content\/uploads\/2020\/10\/cropped-Design-sem-nome-1.png","contentUrl":"https:\/\/naoseiinvestir.com\/wp-content\/uploads\/2020\/10\/cropped-Design-sem-nome-1.png","width":90,"height":100,"caption":"N\u00e3o $ei Investir"},"image":{"@id":"https:\/\/naoseiinvestir.com\/#\/schema\/logo\/image\/"}}]}},"_links":{"self":[{"href":"https:\/\/naoseiinvestir.com\/index.php\/wp-json\/wp\/v2\/pages\/3","targetHints":{"allow":["GET"]}}],"collection":[{"href":"https:\/\/naoseiinvestir.com\/index.php\/wp-json\/wp\/v2\/pages"}],"about":[{"href":"https:\/\/naoseiinvestir.com\/index.php\/wp-json\/wp\/v2\/types\/page"}],"author":[{"embeddable":true,"href":"https:\/\/naoseiinvestir.com\/index.php\/wp-json\/wp\/v2\/users\/1"}],"replies":[{"embeddable":true,"href":"https:\/\/naoseiinvestir.com\/index.php\/wp-json\/wp\/v2\/comments?post=3"}],"version-history":[{"count":5,"href":"https:\/\/naoseiinvestir.com\/index.php\/wp-json\/wp\/v2\/pages\/3\/revisions"}],"predecessor-version":[{"id":1891,"href":"https:\/\/naoseiinvestir.com\/index.php\/wp-json\/wp\/v2\/pages\/3\/revisions\/1891"}],"wp:attachment":[{"href":"https:\/\/naoseiinvestir.com\/index.php\/wp-json\/wp\/v2\/media?parent=3"}],"curies":[{"name":"wp","href":"https:\/\/api.w.org\/{rel}","templated":true}]}}